{"id":3017,"date":"2021-06-09T18:11:26","date_gmt":"2021-06-09T16:11:26","guid":{"rendered":"https:\/\/lluriabarcelona.com\/atico-alquilado-en-barcelona\/"},"modified":"2021-07-22T13:24:53","modified_gmt":"2021-07-22T11:24:53","slug":"atico-alquilado-en-barcelona","status":"publish","type":"page","link":"https:\/\/lluriabarcelona.com\/ca\/atico-alquilado-en-barcelona\/","title":{"rendered":"\u00c0TIC LLOGAT A BARCELONA"},"content":{"rendered":"<p>[vc_row css=&#8221;.vc_custom_1577967230778{margin-top: 75px !important;margin-bottom: 50px !important;}&#8221;][vc_column][vc_column_text el_class=&#8221;titProyecto&#8221;]<\/p>\n<p style=\"text-align: center;\">\u00c0TIC LLOGAT A BARCELONA<\/p>\n<p>[\/vc_column_text][vc_empty_space height=&#8221;10px&#8221;][\/vc_column][\/vc_row][vc_row full_width=&#8221;stretch_row_content_no_spaces&#8221; css=&#8221;.vc_custom_1587463124812{background-color: #bebfc0 !important;}&#8221;][vc_column][vc_row_inner gap=&#8221;35&#8243; el_class=&#8221;centrada2 white&#8221; css=&#8221;.vc_custom_1618404805241{margin-top: 40px !important;}&#8221;][vc_column_inner width=&#8221;2\/3&#8243;][vc_single_image image=&#8221;2729&#8243; img_size=&#8221;full&#8221; alignment=&#8221;center&#8221;][\/vc_column_inner][vc_column_inner width=&#8221;1\/3&#8243;][vc_column_text]<\/p>\n<p style=\"text-align: justify;\">L&#8217;obra de Sagnier s&#8217;emmarca en la Barcelona de finals de segle XIX i principis de l&#8217;XX, l&#8217;\u00e8poca de l&#8217;Modernisme, en la qual es produeix un gran auge en la construcci\u00f3, tant d&#8217;edificis oficials i religiosos com d&#8217;\u00e0mbit privat, destacant les grans mansions senyorials constru\u00efdes per la burgesia catalana, que es beneficia d&#8217;una \u00e8poca de gran esplendor econ\u00f2mica, hagut de sobretot a el comer\u00e7 amb les col\u00f2nies espanyoles a Am\u00e8rica i Filipines. Coincideix aix\u00ed mateix amb l&#8217;\u00e8poca de renaixement de la cultura catalana (Renaixen\u00e7a), que porta a la revaloraci\u00f3 del passat cultural catal\u00e0, sobretot d&#8217;\u00e8poca medieval.<\/p>\n<p>[\/vc_column_text][\/vc_column_inner][\/vc_row_inner][vc_row_inner gap=&#8221;35&#8243; el_class=&#8221;centrada2 white&#8221;][vc_column_inner][vc_column_text]<\/p>\n<p style=\"text-align: justify;\">Gal\u00ed \u00e9s reconeguda a tot el m\u00f3n pels projectes en qu\u00e8 ha fomentat zones de vianants com la millor manera de viure l&#8217;espai p\u00fablic. Els seus projectes m\u00e9s destacats inclouen el projecte de remodelaci\u00f3 dels carrers Patrick i Grand Parade a Cork (Irlanda, 1999), el districte hist\u00f2ric de Hertogenbosch (Holanda, 1993-1998), Roermond (Pa\u00efsos Baixos, 1995-1998), i Dubl\u00edn (Irlanda , 2002), o els espais urbans de Piet Smith al moll de Rotterdam (Pa\u00efsos Baixos, 1996), per la qual va dissenyar el portabicicletes Bici L\u00ednia 4.<\/p>\n<p>[\/vc_column_text][\/vc_column_inner][\/vc_row_inner][\/vc_column][\/vc_row][vc_row][vc_column][vc_empty_space height=&#8221;60px&#8221;][\/vc_column][\/vc_row][vc_row][vc_column][vc_single_image image=&#8221;2735&#8243; img_size=&#8221;full&#8221; alignment=&#8221;center&#8221;][\/vc_column][\/vc_row][vc_row][vc_column][vc_empty_space height=&#8221;60px&#8221;][\/vc_column][\/vc_row]<\/p>\n","protected":false},"excerpt":{"rendered":"<p>[vc_row css=&#8221;.vc_custom_1577967230778{margin-top: 75px !important;margin-bottom: 50px !important;}&#8221;][vc_column][vc_column_text el_class=&#8221;titProyecto&#8221;] \u00c0TIC LLOGAT A BARCELONA [\/vc_column_text][vc_empty_space height=&#8221;10px&#8221;][\/vc_column][\/vc_row][vc_row full_width=&#8221;stretch_row_content_no_spaces&#8221; css=&#8221;.vc_custom_1587463124812{background-color: #bebfc0 !important;}&#8221;][vc_column][vc_row_inner gap=&#8221;35&#8243; el_class=&#8221;centrada2 white&#8221; css=&#8221;.vc_custom_1618404805241{margin-top: 40px !important;}&#8221;][vc_column_inner width=&#8221;2\/3&#8243;][vc_single_image image=&#8221;2729&#8243; img_size=&#8221;full&#8221; alignment=&#8221;center&#8221;][\/vc_column_inner][vc_column_inner width=&#8221;1\/3&#8243;][vc_column_text] L&#8217;obra de Sagnier s&#8217;emmarca en la Barcelona de finals de segle XIX i principis de l&#8217;XX, l&#8217;\u00e8poca de l&#8217;Modernisme, en la qual es produeix un gran auge [&hellip;]<\/p>\n","protected":false},"author":1,"featured_media":0,"parent":0,"menu_order":0,"comment_status":"closed","ping_status":"closed","template":"fullwidth.php","meta":{"footnotes":""},"_links":{"self":[{"href":"https:\/\/lluriabarcelona.com\/ca\/wp-json\/wp\/v2\/pages\/3017"}],"collection":[{"href":"https:\/\/lluriabarcelona.com\/ca\/wp-json\/wp\/v2\/pages"}],"about":[{"href":"https:\/\/lluriabarcelona.com\/ca\/wp-json\/wp\/v2\/types\/page"}],"author":[{"embeddable":true,"href":"https:\/\/lluriabarcelona.com\/ca\/wp-json\/wp\/v2\/users\/1"}],"replies":[{"embeddable":true,"href":"https:\/\/lluriabarcelona.com\/ca\/wp-json\/wp\/v2\/comments?post=3017"}],"version-history":[{"count":7,"href":"https:\/\/lluriabarcelona.com\/ca\/wp-json\/wp\/v2\/pages\/3017\/revisions"}],"predecessor-version":[{"id":4682,"href":"https:\/\/lluriabarcelona.com\/ca\/wp-json\/wp\/v2\/pages\/3017\/revisions\/4682"}],"wp:attachment":[{"href":"https:\/\/lluriabarcelona.com\/ca\/wp-json\/wp\/v2\/media?parent=3017"}],"curies":[{"name":"wp","href":"https:\/\/api.w.org\/{rel}","templated":true}]}}