{"id":3036,"date":"2020-03-13T12:02:35","date_gmt":"2020-03-13T11:02:35","guid":{"rendered":"https:\/\/lluriabarcelona.com\/politica-de-privacidad\/"},"modified":"2021-06-22T11:16:29","modified_gmt":"2021-06-22T09:16:29","slug":"politica-de-privacidad","status":"publish","type":"page","link":"https:\/\/lluriabarcelona.com\/ca\/politica-de-privacidad\/","title":{"rendered":"Pol\u00edtica de privacitat"},"content":{"rendered":"<p>[vc_row][vc_column][vc_column_text]<\/p>\n<h2 style=\"text-align: center;\"><strong>POL\u00cdTICA DE PRIVACITAT<\/strong><\/h2>\n<p>[\/vc_column_text][vc_empty_space][\/vc_column][\/vc_row][vc_row][vc_column][vc_column_text]<\/p>\n<p style=\"text-align: justify;\">De conformitat amb el que estableix la normativa vigent en Protecci\u00f3 de Dades de Car\u00e0cter Personal, l&#8217;informem que les seves dades seran incorporades a sistema de tractament titularitat de FINCAS LLURIA SL amb CIF B61860250 i domicili social situat ENEN PG. SANT GERVASI, 5 (PAVELL\u00d3 TORRE CASTA\u00d1ER), 08022, BARCELONA, amb la finalitat d&#8217;atendre les seves consultes i remetre-li informaci\u00f3 relacionada que pugui ser del seu inter\u00e8s. En compliment amb la normativa vigent, FINQUES LLURIA SL informa que les dades seran conservades durant el termini estrictament necessari per complir amb els preceptes esmentats anteriorment.<\/p>\n<p style=\"text-align: justify;\">Mentre no ens comuniqui el contrari, entendrem que les seves dades no han estat modificades, que vost\u00e8 es compromet a notificar-nos qualsevol variaci\u00f3 i que tenim el seu consentiment per utilitzar-los per les finalitats esmentades.<\/p>\n<p style=\"text-align: justify;\">FINQUES LLURIA SL informa que procedir\u00e0 a tractar les dades de manera l\u00edcita, lleial, transparent, adequada, pertinent, limitada, exacta i actualitzada. \u00c9s per aix\u00f2 que FINQUES LLURIA SL es compromet a adoptar totes les mesures raonables perqu\u00e8 aquests es suprimeixin o rectifiquin sense dilaci\u00f3 quan siguin inexactes.<\/p>\n<p style=\"text-align: justify;\">D&#8217;acord amb els drets que li confereix la normativa vigent en protecci\u00f3 de dades podr\u00e0 exercir els drets d&#8217;acc\u00e9s, rectificaci\u00f3, limitaci\u00f3 de tractament, supressi\u00f3, portabilitat i oposici\u00f3 a el tractament de les seves dades de car\u00e0cter personal aix\u00ed com de l&#8217;consentiment prestat per al tractament dels mateixos, dirigint la seva petici\u00f3 a l&#8217;adre\u00e7a postal indicada m\u00e9s amunt o a l&#8217;correu electr\u00f2nic fincaslluria@fincaslluria.com.<\/p>\n<p style=\"text-align: justify;\">Podr\u00e0 dirigir-se a l&#8217;Autoritat de Control competent per a presentar la reclamaci\u00f3 que consideri oportuna.<\/p>\n<p style=\"text-align: justify;\">Amb enviament de el formulari de recollida de dades vost\u00e8 accepta la pol\u00edtica de privacitat de FINQUES LLURIA SL.<\/p>\n<p>[\/vc_column_text][\/vc_column][\/vc_row]<\/p>\n","protected":false},"excerpt":{"rendered":"<p>[vc_row][vc_column][vc_column_text] POL\u00cdTICA DE PRIVACITAT [\/vc_column_text][vc_empty_space][\/vc_column][\/vc_row][vc_row][vc_column][vc_column_text] De conformitat amb el que estableix la normativa vigent en Protecci\u00f3 de Dades de Car\u00e0cter Personal, l&#8217;informem que les seves dades seran incorporades a sistema de tractament titularitat de FINCAS LLURIA SL amb CIF B61860250 i domicili social situat ENEN PG. SANT GERVASI, 5 (PAVELL\u00d3 TORRE CASTA\u00d1ER), 08022, BARCELONA, amb [&hellip;]<\/p>\n","protected":false},"author":1,"featured_media":0,"parent":0,"menu_order":0,"comment_status":"closed","ping_status":"closed","template":"fullwidth.php","meta":{"footnotes":""},"_links":{"self":[{"href":"https:\/\/lluriabarcelona.com\/ca\/wp-json\/wp\/v2\/pages\/3036"}],"collection":[{"href":"https:\/\/lluriabarcelona.com\/ca\/wp-json\/wp\/v2\/pages"}],"about":[{"href":"https:\/\/lluriabarcelona.com\/ca\/wp-json\/wp\/v2\/types\/page"}],"author":[{"embeddable":true,"href":"https:\/\/lluriabarcelona.com\/ca\/wp-json\/wp\/v2\/users\/1"}],"replies":[{"embeddable":true,"href":"https:\/\/lluriabarcelona.com\/ca\/wp-json\/wp\/v2\/comments?post=3036"}],"version-history":[{"count":3,"href":"https:\/\/lluriabarcelona.com\/ca\/wp-json\/wp\/v2\/pages\/3036\/revisions"}],"predecessor-version":[{"id":3038,"href":"https:\/\/lluriabarcelona.com\/ca\/wp-json\/wp\/v2\/pages\/3036\/revisions\/3038"}],"wp:attachment":[{"href":"https:\/\/lluriabarcelona.com\/ca\/wp-json\/wp\/v2\/media?parent=3036"}],"curies":[{"name":"wp","href":"https:\/\/api.w.org\/{rel}","templated":true}]}}