{"id":3252,"date":"2020-03-13T12:04:16","date_gmt":"2020-03-13T11:04:16","guid":{"rendered":"https:\/\/lluriabarcelona.com\/aviso-legal\/"},"modified":"2021-06-25T13:15:59","modified_gmt":"2021-06-25T11:15:59","slug":"aviso-legal","status":"publish","type":"page","link":"https:\/\/lluriabarcelona.com\/ca\/aviso-legal\/","title":{"rendered":"Av\u00eds legal"},"content":{"rendered":"<p>[vc_row][vc_column][vc_column_text]<\/p>\n<h2 style=\"text-align: center;\">AV\u00cdS LEGAL<\/h2>\n<p>[\/vc_column_text][vc_empty_space][\/vc_column][\/vc_row][vc_row][vc_column][vc_column_text]<\/p>\n<p style=\"text-align: justify;\"><strong>1. DADES IDENTIFICATIVES<\/strong><\/p>\n<p style=\"text-align: justify;\">L&#8217;empresa titular de domini web \u00e9s FINQUES LLURIA, SL (en endavant FINQUES LLURIA), amb domicili a aquests efectes en PG. SANT GERVASI, punt 5 (PAVELL\u00d3 TORRE CASTA\u00d1ER), 08022 Barcelona, \u200b\u200bn\u00famero de CIF: B-61.860.250 inscrita en el REGISTRE MERCANTIL DE BARCELONA AL TOM 31494, FOLI 50, FULL B 194649 I INSCRIPCI\u00d3 1 .. Correu electr\u00f2nic de contacte: FINCASLLURIA @ FINCASLLURIA.COM.<\/p>\n<p style=\"text-align: justify;\"><strong>2. USUARIS<\/strong><\/p>\n<p style=\"text-align: justify;\">L&#8217;acc\u00e9s i \/ o \u00fas d&#8217;aquest portal de FINQUES LLURIA atribueix la condici\u00f3 d&#8217;USUARI, que accepta, des d&#8217;aquest acc\u00e9s i \/ o \u00fas, les Condicions Generals d&#8217;\u00das aqu\u00ed reflectides. Les esmentades Condicions s&#8217;aplicaran independentment de les Condicions Generals de Contractaci\u00f3 que si escau resultin d&#8217;obligat compliment.<\/p>\n<p style=\"text-align: justify;\"><strong>3. Protecci\u00f3 de dades<\/strong><\/p>\n<p style=\"text-align: justify;\">FINQUES LLURIA compleix amb el Reglament General de Protecci\u00f3 de Dades (RGPD) i la resta de normativa vigent en cada moment, i vetlla per garantir un correcte \u00fas i tractament de les dades personals de l&#8217;usuari. Per a aix\u00f2, al costat de cada formulari de recapto de dades de car\u00e0cter personal, en els serveis que l&#8217;usuari pugui sol\u00b7licitar a<\/p>\n<p style=\"text-align: justify;\"><strong>4. EXCLUSI\u00d3 DE GARANTIES I RESPONSABILITAT<\/strong><\/p>\n<p style=\"text-align: justify;\">FINQUES LLURIA no es fa responsable, en cap cas, dels danys i perjudicis de qualsevol naturalesa que poguessin ocasionar, a t\u00edtol enunciatiu: errors o omissions en els continguts, falta de disponibilitat de l&#8217;portal o la transmissi\u00f3 de virus o programes maliciosos o lesius en els continguts, malgrat haver adoptat totes les mesures tecnol\u00f2giques necess\u00e0ries per evitar-ho.<\/p>\n<p style=\"text-align: justify;\"><strong>5. MODIFICACIONS<\/strong><\/p>\n<p style=\"text-align: justify;\">FINQUES LLURIA es reserva el dret d&#8217;efectuar sense previ av\u00eds les modificacions que consideri oportunes al seu portal, podent canviar, suprimir o afegir tant els continguts i serveis que es prestin a trav\u00e9s de la mateixa com la forma en qu\u00e8 aquests apareguin presentats o localitzats en el seu portal.<\/p>\n<p style=\"text-align: justify;\"><strong>6. DRET D&#8217;EXCLUSI\u00d3<\/strong><\/p>\n<p style=\"text-align: justify;\">FINQUES LLURIA es reserva el dret a denegar o retirar l&#8217;acc\u00e9s als portal i \/ o els serveis oferts sense necessitat de preav\u00eds, a inst\u00e0ncia pr\u00f2pia o d&#8217;un tercer, a aquells usuaris que incompleixin les presents Condicions Generals d&#8217;\u00das.<\/p>\n<p style=\"text-align: justify;\"><strong>7.GENERALITATS<\/strong><\/p>\n<p style=\"text-align: justify;\">FINQUES LLURIA perseguir\u00e0 l&#8217;incompliment de les presents condicions aix\u00ed com qualsevol utilitzaci\u00f3 indeguda del seu portal exercint totes les accions civils i penals que li puguin correspondre en dret.<\/p>\n<p style=\"text-align: justify;\"><strong>8.MODIFICACI\u00d3 DE LES PRESENTS CONDICIONS I DURADA<\/strong><\/p>\n<p style=\"text-align: justify;\">FINQUES LLURIA podr\u00e0 modificar en qualsevol moment les condicions aqu\u00ed determinades, sent degudament publicades com aqu\u00ed apareixen.<\/p>\n<p style=\"text-align: justify;\">La vig\u00e8ncia de les citades condicions anir\u00e0 en funci\u00f3 de la seva exposici\u00f3 i estaran vigents fins degudament publicades. que siguin modificades per unes altres.<\/p>\n<p style=\"text-align: justify;\"><strong>9. LEGISLACI\u00d3 APLICABLE I JURISDICCI\u00d3<\/strong><\/p>\n<p style=\"text-align: justify;\">La relaci\u00f3 entre FINQUES LLURIA i l&#8217;USUARI es regir\u00e0 per la normativa espanyola vigent i qualsevol controv\u00e8rsia se sotmetr\u00e0 als Jutjats i tribunals de la ciutat de BARCELONA.<\/p>\n<p>[\/vc_column_text][\/vc_column][\/vc_row]<\/p>\n","protected":false},"excerpt":{"rendered":"<p>[vc_row][vc_column][vc_column_text] AV\u00cdS LEGAL [\/vc_column_text][vc_empty_space][\/vc_column][\/vc_row][vc_row][vc_column][vc_column_text] 1. DADES IDENTIFICATIVES L&#8217;empresa titular de domini web \u00e9s FINQUES LLURIA, SL (en endavant FINQUES LLURIA), amb domicili a aquests efectes en PG. SANT GERVASI, punt 5 (PAVELL\u00d3 TORRE CASTA\u00d1ER), 08022 Barcelona, \u200b\u200bn\u00famero de CIF: B-61.860.250 inscrita en el REGISTRE MERCANTIL DE BARCELONA AL TOM 31494, FOLI 50, FULL B 194649 [&hellip;]<\/p>\n","protected":false},"author":1,"featured_media":0,"parent":0,"menu_order":0,"comment_status":"closed","ping_status":"closed","template":"fullwidth.php","meta":{"footnotes":""},"_links":{"self":[{"href":"https:\/\/lluriabarcelona.com\/ca\/wp-json\/wp\/v2\/pages\/3252"}],"collection":[{"href":"https:\/\/lluriabarcelona.com\/ca\/wp-json\/wp\/v2\/pages"}],"about":[{"href":"https:\/\/lluriabarcelona.com\/ca\/wp-json\/wp\/v2\/types\/page"}],"author":[{"embeddable":true,"href":"https:\/\/lluriabarcelona.com\/ca\/wp-json\/wp\/v2\/users\/1"}],"replies":[{"embeddable":true,"href":"https:\/\/lluriabarcelona.com\/ca\/wp-json\/wp\/v2\/comments?post=3252"}],"version-history":[{"count":4,"href":"https:\/\/lluriabarcelona.com\/ca\/wp-json\/wp\/v2\/pages\/3252\/revisions"}],"predecessor-version":[{"id":3257,"href":"https:\/\/lluriabarcelona.com\/ca\/wp-json\/wp\/v2\/pages\/3252\/revisions\/3257"}],"wp:attachment":[{"href":"https:\/\/lluriabarcelona.com\/ca\/wp-json\/wp\/v2\/media?parent=3252"}],"curies":[{"name":"wp","href":"https:\/\/api.w.org\/{rel}","templated":true}]}}