{"id":3265,"date":"2021-06-10T15:17:40","date_gmt":"2021-06-10T13:17:40","guid":{"rendered":"https:\/\/lluriabarcelona.com\/casa-alquilada-avenida-tibidabo-en-barcelona\/"},"modified":"2021-06-28T09:35:24","modified_gmt":"2021-06-28T07:35:24","slug":"casa-alquilada-avenida-tibidabo-en-barcelona","status":"publish","type":"page","link":"https:\/\/lluriabarcelona.com\/ca\/casa-alquilada-avenida-tibidabo-en-barcelona\/","title":{"rendered":"CASA LLOGADA AVENIDA TIBIDABO A BARCELONA"},"content":{"rendered":"<p>[vc_row css=&#8221;.vc_custom_1577967230778{margin-top: 75px !important;margin-bottom: 50px !important;}&#8221;][vc_column][vc_column_text el_class=&#8221;titProyecto&#8221;]<\/p>\n<p style=\"text-align: center;\">CASA LLOGADA AVENIDA TIBIDABO A BARCELONA<\/p>\n<p>[\/vc_column_text][vc_empty_space height=&#8221;10px&#8221;][\/vc_column][\/vc_row][vc_row full_width=&#8221;stretch_row_content_no_spaces&#8221; css=&#8221;.vc_custom_1587463124812{background-color: #bebfc0 !important;}&#8221;][vc_column][vc_row_inner gap=&#8221;35&#8243; el_class=&#8221;centrada2 white&#8221; css=&#8221;.vc_custom_1618404805241{margin-top: 40px !important;}&#8221;][vc_column_inner width=&#8221;2\/3&#8243;][vc_single_image image=&#8221;2808&#8243; img_size=&#8221;full&#8221; alignment=&#8221;center&#8221;][\/vc_column_inner][vc_column_inner width=&#8221;1\/3&#8243;][vc_column_text]<\/p>\n<p style=\"text-align: justify;\">L&#8217;obra de Sagnier s&#8217;emmarca en la Barcelona de finals de segle XIX i principis de l&#8217;XX, l&#8217;\u00e8poca del Modernisme, en la qual es produe\u00efx un gran auge en la construcci\u00f3, Tant d&#8217;edificis restaurats oficials i religiosos com d &#8216;\u00c0mbit privat, destacant els Grans Mansions senyorials construides per la burgesia catalana, que \u00e9s beneficia d&#8217;una \u00e8poca de gran esplendor econ\u00f2mica, hagut de sobretot al comer\u00e7 amb els col\u00f2nies espanyoles a Am\u00e8rica i Filipines. Coincideix AIX\u00cd MATEIX amb l&#8217;\u00e8poca de Renaixement de la cultura catalana (Renaixen\u00e7a), que porta a la revaloraci\u00f3 del pasat cultural catal\u00e0, sobretot d&#8217;\u00e8poca medieval.<\/p>\n<p>[\/vc_column_text][\/vc_column_inner][\/vc_row_inner][\/vc_column][\/vc_row][vc_row][vc_column][vc_empty_space height=&#8221;60px&#8221;][\/vc_column][\/vc_row][vc_row][vc_column][vc_single_image image=&#8221;2814&#8243; img_size=&#8221;full&#8221; alignment=&#8221;center&#8221;][\/vc_column][\/vc_row][vc_row][vc_column][vc_empty_space height=&#8221;60px&#8221;][\/vc_column][\/vc_row]<\/p>\n","protected":false},"excerpt":{"rendered":"<p>[vc_row css=&#8221;.vc_custom_1577967230778{margin-top: 75px !important;margin-bottom: 50px !important;}&#8221;][vc_column][vc_column_text el_class=&#8221;titProyecto&#8221;] CASA LLOGADA AVENIDA TIBIDABO A BARCELONA [\/vc_column_text][vc_empty_space height=&#8221;10px&#8221;][\/vc_column][\/vc_row][vc_row full_width=&#8221;stretch_row_content_no_spaces&#8221; css=&#8221;.vc_custom_1587463124812{background-color: #bebfc0 !important;}&#8221;][vc_column][vc_row_inner gap=&#8221;35&#8243; el_class=&#8221;centrada2 white&#8221; css=&#8221;.vc_custom_1618404805241{margin-top: 40px !important;}&#8221;][vc_column_inner width=&#8221;2\/3&#8243;][vc_single_image image=&#8221;2808&#8243; img_size=&#8221;full&#8221; alignment=&#8221;center&#8221;][\/vc_column_inner][vc_column_inner width=&#8221;1\/3&#8243;][vc_column_text] L&#8217;obra de Sagnier s&#8217;emmarca en la Barcelona de finals de segle XIX i principis de l&#8217;XX, l&#8217;\u00e8poca del Modernisme, en la qual es produe\u00efx un [&hellip;]<\/p>\n","protected":false},"author":1,"featured_media":0,"parent":0,"menu_order":0,"comment_status":"closed","ping_status":"closed","template":"fullwidth.php","meta":{"footnotes":""},"_links":{"self":[{"href":"https:\/\/lluriabarcelona.com\/ca\/wp-json\/wp\/v2\/pages\/3265"}],"collection":[{"href":"https:\/\/lluriabarcelona.com\/ca\/wp-json\/wp\/v2\/pages"}],"about":[{"href":"https:\/\/lluriabarcelona.com\/ca\/wp-json\/wp\/v2\/types\/page"}],"author":[{"embeddable":true,"href":"https:\/\/lluriabarcelona.com\/ca\/wp-json\/wp\/v2\/users\/1"}],"replies":[{"embeddable":true,"href":"https:\/\/lluriabarcelona.com\/ca\/wp-json\/wp\/v2\/comments?post=3265"}],"version-history":[{"count":6,"href":"https:\/\/lluriabarcelona.com\/ca\/wp-json\/wp\/v2\/pages\/3265\/revisions"}],"predecessor-version":[{"id":3274,"href":"https:\/\/lluriabarcelona.com\/ca\/wp-json\/wp\/v2\/pages\/3265\/revisions\/3274"}],"wp:attachment":[{"href":"https:\/\/lluriabarcelona.com\/ca\/wp-json\/wp\/v2\/media?parent=3265"}],"curies":[{"name":"wp","href":"https:\/\/api.w.org\/{rel}","templated":true}]}}