{"id":3276,"date":"2021-06-09T18:47:30","date_gmt":"2021-06-09T16:47:30","guid":{"rendered":"https:\/\/lluriabarcelona.com\/casa-alquilada-en-ibiza\/"},"modified":"2021-06-28T09:50:49","modified_gmt":"2021-06-28T07:50:49","slug":"casa-alquilada-en-ibiza","status":"publish","type":"page","link":"https:\/\/lluriabarcelona.com\/ca\/casa-alquilada-en-ibiza\/","title":{"rendered":"CASA LLOGADA A EIVISSA"},"content":{"rendered":"<p>[vc_row css=&#8221;.vc_custom_1577967230778{margin-top: 75px !important;margin-bottom: 50px !important;}&#8221;][vc_column][vc_column_text el_class=&#8221;titProyecto&#8221;]<\/p>\n<p style=\"text-align: center;\">CASA LLOGADA A EIVISSA<\/p>\n<p>[\/vc_column_text][vc_empty_space height=&#8221;10px&#8221;][\/vc_column][\/vc_row][vc_row full_width=&#8221;stretch_row_content_no_spaces&#8221; css=&#8221;.vc_custom_1587463124812{background-color: #bebfc0 !important;}&#8221;][vc_column][vc_row_inner gap=&#8221;35&#8243; el_class=&#8221;centrada2 white&#8221; css=&#8221;.vc_custom_1618404805241{margin-top: 40px !important;}&#8221;][vc_column_inner width=&#8221;2\/3&#8243;][vc_single_image image=&#8221;2626&#8243; img_size=&#8221;full&#8221; alignment=&#8221;center&#8221;][\/vc_column_inner][vc_column_inner width=&#8221;1\/3&#8243;][vc_column_text]<\/p>\n<p style=\"text-align: justify;\">L&#8217;arquitecte Josep Llu\u00eds Sert va mantenir una llarga Relaci\u00f3 amb Eivissa, una illa en la qual excepte a diverses intervencions, entre les quals destaca el complex de Can Pep Sim\u00f3. Alguns dels habitatges d&#8217;aquest conjunt han perdut sumi esquema original Mentre que altres han Estat reformades de nou per tornar a l&#8217;ess\u00e8ncia amb la qual fuer\u00f3n constru\u00efdes a finals dels anys 60. Una d&#8217;aquests habitatges, la Casa F. Sert, s&#8217;ha llogat per Finques Ll\u00faria. Cinc dormitoris, piscina, terreny, vistes espectaculars i l&#8217;al\u00b7licient de comptar en sobre parets amb reproduccions de les obres de la col\u00b7lecci\u00f3 personal de Sert s\u00f3n alguns sobre atractius, molt apreciats pels amants de l&#8217;Arquitectura.<\/p>\n<p>[\/vc_column_text][\/vc_column_inner][\/vc_row_inner][\/vc_column][\/vc_row][vc_row][vc_column][vc_empty_space height=&#8221;60px&#8221;][\/vc_column][\/vc_row][vc_row][vc_column][vc_single_image image=&#8221;2787&#8243; img_size=&#8221;full&#8221; alignment=&#8221;center&#8221;][\/vc_column][\/vc_row][vc_row][vc_column][vc_empty_space height=&#8221;60px&#8221;][\/vc_column][\/vc_row]<\/p>\n","protected":false},"excerpt":{"rendered":"<p>[vc_row css=&#8221;.vc_custom_1577967230778{margin-top: 75px !important;margin-bottom: 50px !important;}&#8221;][vc_column][vc_column_text el_class=&#8221;titProyecto&#8221;] CASA LLOGADA A EIVISSA [\/vc_column_text][vc_empty_space height=&#8221;10px&#8221;][\/vc_column][\/vc_row][vc_row full_width=&#8221;stretch_row_content_no_spaces&#8221; css=&#8221;.vc_custom_1587463124812{background-color: #bebfc0 !important;}&#8221;][vc_column][vc_row_inner gap=&#8221;35&#8243; el_class=&#8221;centrada2 white&#8221; css=&#8221;.vc_custom_1618404805241{margin-top: 40px !important;}&#8221;][vc_column_inner width=&#8221;2\/3&#8243;][vc_single_image image=&#8221;2626&#8243; img_size=&#8221;full&#8221; alignment=&#8221;center&#8221;][\/vc_column_inner][vc_column_inner width=&#8221;1\/3&#8243;][vc_column_text] L&#8217;arquitecte Josep Llu\u00eds Sert va mantenir una llarga Relaci\u00f3 amb Eivissa, una illa en la qual excepte a diverses intervencions, entre les quals destaca el complex de [&hellip;]<\/p>\n","protected":false},"author":1,"featured_media":0,"parent":0,"menu_order":0,"comment_status":"closed","ping_status":"closed","template":"fullwidth.php","meta":{"footnotes":""},"_links":{"self":[{"href":"https:\/\/lluriabarcelona.com\/ca\/wp-json\/wp\/v2\/pages\/3276"}],"collection":[{"href":"https:\/\/lluriabarcelona.com\/ca\/wp-json\/wp\/v2\/pages"}],"about":[{"href":"https:\/\/lluriabarcelona.com\/ca\/wp-json\/wp\/v2\/types\/page"}],"author":[{"embeddable":true,"href":"https:\/\/lluriabarcelona.com\/ca\/wp-json\/wp\/v2\/users\/1"}],"replies":[{"embeddable":true,"href":"https:\/\/lluriabarcelona.com\/ca\/wp-json\/wp\/v2\/comments?post=3276"}],"version-history":[{"count":4,"href":"https:\/\/lluriabarcelona.com\/ca\/wp-json\/wp\/v2\/pages\/3276\/revisions"}],"predecessor-version":[{"id":3289,"href":"https:\/\/lluriabarcelona.com\/ca\/wp-json\/wp\/v2\/pages\/3276\/revisions\/3289"}],"wp:attachment":[{"href":"https:\/\/lluriabarcelona.com\/ca\/wp-json\/wp\/v2\/media?parent=3276"}],"curies":[{"name":"wp","href":"https:\/\/api.w.org\/{rel}","templated":true}]}}