{"id":3281,"date":"2021-06-10T16:05:22","date_gmt":"2021-06-10T14:05:22","guid":{"rendered":"https:\/\/lluriabarcelona.com\/casa-alquilada-en-palau-sator\/"},"modified":"2021-06-28T09:46:34","modified_gmt":"2021-06-28T07:46:34","slug":"casa-alquilada-en-palau-sator","status":"publish","type":"page","link":"https:\/\/lluriabarcelona.com\/ca\/casa-alquilada-en-palau-sator\/","title":{"rendered":"CASA LLOGADA A PALAU SATOR"},"content":{"rendered":"<p>[vc_row css=&#8221;.vc_custom_1577967230778{margin-top: 75px !important;margin-bottom: 50px !important;}&#8221;][vc_column][vc_column_text el_class=&#8221;titProyecto&#8221;]<\/p>\n<p style=\"text-align: center;\">CASA LLOGADA A PALAU SATOR<\/p>\n<p>[\/vc_column_text][vc_empty_space height=&#8221;10px&#8221;][\/vc_column][\/vc_row][vc_row full_width=&#8221;stretch_row_content_no_spaces&#8221; css=&#8221;.vc_custom_1587463124812{background-color: #bebfc0 !important;}&#8221;][vc_column][vc_row_inner gap=&#8221;35&#8243; el_class=&#8221;centrada2 white&#8221; css=&#8221;.vc_custom_1618404805241{margin-top: 40px !important;}&#8221;][vc_column_inner width=&#8221;2\/3&#8243;][vc_single_image image=&#8221;2603&#8243; img_size=&#8221;full&#8221; alignment=&#8221;center&#8221;][\/vc_column_inner][vc_column_inner width=&#8221;1\/3&#8243;][vc_column_text]<\/p>\n<p style=\"text-align: justify;\">Gal\u00ed \u00e9s reconeguda a tot el m\u00f3n pels projectes en qu\u00e8 ha fomentat zones de vianants com la millor manera de viure l&#8217;espai p\u00fablic. Els seus projectes m\u00e9s destacats inclouen el projecte de remodelaci\u00f3 dels carrers Patrick i Grand Parade a Cork (Irlanda, 1999), el districte hist\u00f2ric de Hertogenbosch (Holanda, 1993-1998), Roermond (Pa\u00efsos Baixos, 1995-1998), i Dubl\u00edn (Irlanda , 2002), o els espais urbans de Piet Smith al moll de Rotterdam (Pa\u00efsos Baixos, 1996), per la qual va dissenyar el portabicicletes Bici L\u00ednia 4.<\/p>\n<p>[\/vc_column_text][\/vc_column_inner][\/vc_row_inner][\/vc_column][\/vc_row][vc_row][vc_column][vc_empty_space height=&#8221;60px&#8221;][\/vc_column][\/vc_row][vc_row][vc_column][vc_single_image image=&#8221;2832&#8243; img_size=&#8221;full&#8221; alignment=&#8221;center&#8221;][\/vc_column][\/vc_row][vc_row][vc_column][vc_empty_space height=&#8221;60px&#8221;][\/vc_column][\/vc_row]<\/p>\n","protected":false},"excerpt":{"rendered":"<p>[vc_row css=&#8221;.vc_custom_1577967230778{margin-top: 75px !important;margin-bottom: 50px !important;}&#8221;][vc_column][vc_column_text el_class=&#8221;titProyecto&#8221;] CASA LLOGADA A PALAU SATOR [\/vc_column_text][vc_empty_space height=&#8221;10px&#8221;][\/vc_column][\/vc_row][vc_row full_width=&#8221;stretch_row_content_no_spaces&#8221; css=&#8221;.vc_custom_1587463124812{background-color: #bebfc0 !important;}&#8221;][vc_column][vc_row_inner gap=&#8221;35&#8243; el_class=&#8221;centrada2 white&#8221; css=&#8221;.vc_custom_1618404805241{margin-top: 40px !important;}&#8221;][vc_column_inner width=&#8221;2\/3&#8243;][vc_single_image image=&#8221;2603&#8243; img_size=&#8221;full&#8221; alignment=&#8221;center&#8221;][\/vc_column_inner][vc_column_inner width=&#8221;1\/3&#8243;][vc_column_text] Gal\u00ed \u00e9s reconeguda a tot el m\u00f3n pels projectes en qu\u00e8 ha fomentat zones de vianants com la millor manera de viure l&#8217;espai p\u00fablic. Els seus [&hellip;]<\/p>\n","protected":false},"author":1,"featured_media":0,"parent":0,"menu_order":0,"comment_status":"closed","ping_status":"closed","template":"fullwidth.php","meta":{"footnotes":""},"_links":{"self":[{"href":"https:\/\/lluriabarcelona.com\/ca\/wp-json\/wp\/v2\/pages\/3281"}],"collection":[{"href":"https:\/\/lluriabarcelona.com\/ca\/wp-json\/wp\/v2\/pages"}],"about":[{"href":"https:\/\/lluriabarcelona.com\/ca\/wp-json\/wp\/v2\/types\/page"}],"author":[{"embeddable":true,"href":"https:\/\/lluriabarcelona.com\/ca\/wp-json\/wp\/v2\/users\/1"}],"replies":[{"embeddable":true,"href":"https:\/\/lluriabarcelona.com\/ca\/wp-json\/wp\/v2\/comments?post=3281"}],"version-history":[{"count":3,"href":"https:\/\/lluriabarcelona.com\/ca\/wp-json\/wp\/v2\/pages\/3281\/revisions"}],"predecessor-version":[{"id":3284,"href":"https:\/\/lluriabarcelona.com\/ca\/wp-json\/wp\/v2\/pages\/3281\/revisions\/3284"}],"wp:attachment":[{"href":"https:\/\/lluriabarcelona.com\/ca\/wp-json\/wp\/v2\/media?parent=3281"}],"curies":[{"name":"wp","href":"https:\/\/api.w.org\/{rel}","templated":true}]}}