{"id":3293,"date":"2021-06-02T17:15:04","date_gmt":"2021-06-02T15:15:04","guid":{"rendered":"https:\/\/lluriabarcelona.com\/casa-andreu-del-arquitecto-bonet\/"},"modified":"2021-09-16T09:16:39","modified_gmt":"2021-09-16T07:16:39","slug":"casa-andreu-del-arquitecto-bonet","status":"publish","type":"page","link":"https:\/\/lluriabarcelona.com\/ca\/casa-andreu-del-arquitecto-bonet\/","title":{"rendered":"CASA DISSENYADA PER L&#8217;ARQUITECTE BONET"},"content":{"rendered":"<p>[vc_row css=&#8221;.vc_custom_1577967230778{margin-top: 75px !important;margin-bottom: 50px !important;}&#8221;][vc_column][vc_column_text el_class=&#8221;titProyecto&#8221;]<\/p>\n<p style=\"text-align: center;\">CASA DISSENYADA PER L&#8217;ARQUITECTE BONET<\/p>\n<p>[\/vc_column_text][vc_empty_space height=&#8221;10px&#8221;][\/vc_column][\/vc_row][vc_row full_width=&#8221;stretch_row_content_no_spaces&#8221; css=&#8221;.vc_custom_1587463124812{background-color: #bebfc0 !important;}&#8221;][vc_column][vc_row_inner gap=&#8221;35&#8243; el_class=&#8221;centrada2 white&#8221; css=&#8221;.vc_custom_1618404805241{margin-top: 40px !important;}&#8221;][vc_column_inner width=&#8221;2\/3&#8243;][vc_single_image image=&#8221;2321&#8243; img_size=&#8221;full&#8221; alignment=&#8221;center&#8221;][\/vc_column_inner][vc_column_inner width=&#8221;1\/3&#8243;][vc_column_text]<\/p>\n<p style=\"text-align: justify;\">Casa exclusiva venuda per Finques Ll\u00faria. Situada enmig de Reial Club de Golf de la Cerdanya. Aquesta magn\u00edfica resid\u00e8ncia realitzada pel reconegut arquitecte Bonet, t\u00e9 600 m2 i un magn\u00edfic jard\u00ed de 7.980 m2 amb unes magn\u00edfiques vistes a la serra de Cad\u00ed i la Tosa d&#8217;Alp. La seva situaci\u00f3 \u00e9s \u00fanica a l&#8217;estar envoltada pel camp de golf, el que d\u00f3na una privacitat privilegiada. La casa t\u00e9 7 habitacions, 7 banys, 4 salons i una piscina a m\u00e9s de pou propi.<\/p>\n<p style=\"text-align: justify;\">L&#8217;arquitecte Bonet, considerava a l&#8217;arquitectura com una mat\u00e8ria ordenadora en la vida d&#8217;l&#8217;home i creia que l&#8217;activitat de l&#8217;arquitecte s&#8217;estenia des de la concepci\u00f3 d&#8217;un moble fins al planejament d&#8217;una ciutat.<\/p>\n<p>[\/vc_column_text][\/vc_column_inner][\/vc_row_inner][vc_row_inner gap=&#8221;35&#8243; el_class=&#8221;centrada2 white&#8221;][vc_column_inner][vc_column_text]<\/p>\n<p style=\"text-align: justify;\">Una de les seves constants va ser l&#8217;esfor\u00e7 per integrar les diverses escales de l&#8217;h\u00e0bitat hum\u00e0, investigant nous materials i formes per aconseguir espais arquitect\u00f2nics i mobles a el servei de la societat. Tamb\u00e9 va realitzar les cases de l&#8217;complex residencial \u00abLa Devesa\u00bb de l&#8217;exclusiu Reial Club de Golf Cerdanya (1969-1970), amb les seves particulars parets inclinades cap a fora, entre altres caracter\u00edstiques distintives.<\/p>\n<p>[\/vc_column_text][\/vc_column_inner][\/vc_row_inner][\/vc_column][\/vc_row][vc_row][vc_column][vc_empty_space height=&#8221;60px&#8221;][\/vc_column][\/vc_row][vc_row][vc_column][vc_single_image image=&#8221;2332&#8243; img_size=&#8221;full&#8221; alignment=&#8221;center&#8221;][\/vc_column][\/vc_row][vc_row][vc_column][vc_empty_space height=&#8221;60px&#8221;][\/vc_column][\/vc_row]<\/p>\n","protected":false},"excerpt":{"rendered":"<p>[vc_row css=&#8221;.vc_custom_1577967230778{margin-top: 75px !important;margin-bottom: 50px !important;}&#8221;][vc_column][vc_column_text el_class=&#8221;titProyecto&#8221;] CASA DISSENYADA PER L&#8217;ARQUITECTE BONET [\/vc_column_text][vc_empty_space height=&#8221;10px&#8221;][\/vc_column][\/vc_row][vc_row full_width=&#8221;stretch_row_content_no_spaces&#8221; css=&#8221;.vc_custom_1587463124812{background-color: #bebfc0 !important;}&#8221;][vc_column][vc_row_inner gap=&#8221;35&#8243; el_class=&#8221;centrada2 white&#8221; css=&#8221;.vc_custom_1618404805241{margin-top: 40px !important;}&#8221;][vc_column_inner width=&#8221;2\/3&#8243;][vc_single_image image=&#8221;2321&#8243; img_size=&#8221;full&#8221; alignment=&#8221;center&#8221;][\/vc_column_inner][vc_column_inner width=&#8221;1\/3&#8243;][vc_column_text] Casa exclusiva venuda per Finques Ll\u00faria. Situada enmig de Reial Club de Golf de la Cerdanya. Aquesta magn\u00edfica resid\u00e8ncia realitzada pel reconegut arquitecte Bonet, t\u00e9 600 [&hellip;]<\/p>\n","protected":false},"author":1,"featured_media":0,"parent":0,"menu_order":0,"comment_status":"closed","ping_status":"closed","template":"fullwidth.php","meta":{"footnotes":""},"_links":{"self":[{"href":"https:\/\/lluriabarcelona.com\/ca\/wp-json\/wp\/v2\/pages\/3293"}],"collection":[{"href":"https:\/\/lluriabarcelona.com\/ca\/wp-json\/wp\/v2\/pages"}],"about":[{"href":"https:\/\/lluriabarcelona.com\/ca\/wp-json\/wp\/v2\/types\/page"}],"author":[{"embeddable":true,"href":"https:\/\/lluriabarcelona.com\/ca\/wp-json\/wp\/v2\/users\/1"}],"replies":[{"embeddable":true,"href":"https:\/\/lluriabarcelona.com\/ca\/wp-json\/wp\/v2\/comments?post=3293"}],"version-history":[{"count":3,"href":"https:\/\/lluriabarcelona.com\/ca\/wp-json\/wp\/v2\/pages\/3293\/revisions"}],"predecessor-version":[{"id":4790,"href":"https:\/\/lluriabarcelona.com\/ca\/wp-json\/wp\/v2\/pages\/3293\/revisions\/4790"}],"wp:attachment":[{"href":"https:\/\/lluriabarcelona.com\/ca\/wp-json\/wp\/v2\/media?parent=3293"}],"curies":[{"name":"wp","href":"https:\/\/api.w.org\/{rel}","templated":true}]}}