{"id":3329,"date":"2021-06-09T18:40:07","date_gmt":"2021-06-09T16:40:07","guid":{"rendered":"https:\/\/lluriabarcelona.com\/terreno-en-santa-perpetua-de-mogoda\/"},"modified":"2021-06-28T10:41:04","modified_gmt":"2021-06-28T08:41:04","slug":"terreno-en-santa-perpetua-de-mogoda","status":"publish","type":"page","link":"https:\/\/lluriabarcelona.com\/ca\/terreno-en-santa-perpetua-de-mogoda\/","title":{"rendered":"TERRENY A SANTA PERPETUA DE MOGODA"},"content":{"rendered":"<p>[vc_row css=&#8221;.vc_custom_1577967230778{margin-top: 75px !important;margin-bottom: 50px !important;}&#8221;][vc_column][vc_column_text el_class=&#8221;titProyecto&#8221;]<\/p>\n<div class=\"wpb_text_column wpb_content_element tit1Proyecto\">\n<div class=\"wpb_wrapper\">\n<p style=\"text-align: center;\">TERRENY A SANTA PERPETUA DE MOGODA<\/p>\n<\/div>\n<\/div>\n<p>[\/vc_column_text][vc_empty_space height=&#8221;10px&#8221;][\/vc_column][\/vc_row][vc_row full_width=&#8221;stretch_row_content_no_spaces&#8221; css=&#8221;.vc_custom_1587463124812{background-color: #bebfc0 !important;}&#8221;][vc_column][vc_row_inner gap=&#8221;35&#8243; el_class=&#8221;centrada2 white&#8221; css=&#8221;.vc_custom_1618404805241{margin-top: 40px !important;}&#8221;][vc_column_inner width=&#8221;2\/3&#8243;][vc_single_image image=&#8221;2595&#8243; img_size=&#8221;full&#8221; alignment=&#8221;center&#8221;][\/vc_column_inner][vc_column_inner width=&#8221;1\/3&#8243;][vc_column_text]El sector a urbanitzar \u00e9s d&#8217;\u00fas residencial, amb una perfecta ubicaci\u00f3 al Vall\u00e8s, proper a Santa Perp\u00e8tua i Poliny\u00e0, entre el cam\u00ed de Ripollet, l&#8217;avinguda de Sabadell, la prolongaci\u00f3 de l&#8217;avinguda de Barcelona i el futur passeig de Can Tai\u00f3. Situat en un espai natural per\u00f2 a el mateix temps molt ben comunicat a 10 minuts de Barcelona. Formava part d&#8217;una gran finca coneguda com Can Sabau.[\/vc_column_text][\/vc_column_inner][\/vc_row_inner][\/vc_column][\/vc_row][vc_row][vc_column][vc_empty_space height=&#8221;60px&#8221;][\/vc_column][\/vc_row][vc_row][vc_column][vc_single_image image=&#8221;2918&#8243; img_size=&#8221;full&#8221; alignment=&#8221;center&#8221;][\/vc_column][\/vc_row][vc_row][vc_column][vc_empty_space height=&#8221;60px&#8221;][\/vc_column][\/vc_row]<\/p>\n","protected":false},"excerpt":{"rendered":"<p>[vc_row css=&#8221;.vc_custom_1577967230778{margin-top: 75px !important;margin-bottom: 50px !important;}&#8221;][vc_column][vc_column_text el_class=&#8221;titProyecto&#8221;] TERRENY A SANTA PERPETUA DE MOGODA [\/vc_column_text][vc_empty_space height=&#8221;10px&#8221;][\/vc_column][\/vc_row][vc_row full_width=&#8221;stretch_row_content_no_spaces&#8221; css=&#8221;.vc_custom_1587463124812{background-color: #bebfc0 !important;}&#8221;][vc_column][vc_row_inner gap=&#8221;35&#8243; el_class=&#8221;centrada2 white&#8221; css=&#8221;.vc_custom_1618404805241{margin-top: 40px !important;}&#8221;][vc_column_inner width=&#8221;2\/3&#8243;][vc_single_image image=&#8221;2595&#8243; img_size=&#8221;full&#8221; alignment=&#8221;center&#8221;][\/vc_column_inner][vc_column_inner width=&#8221;1\/3&#8243;][vc_column_text]El sector a urbanitzar \u00e9s d&#8217;\u00fas residencial, amb una perfecta ubicaci\u00f3 al Vall\u00e8s, proper a Santa Perp\u00e8tua i Poliny\u00e0, entre el cam\u00ed de Ripollet, l&#8217;avinguda de [&hellip;]<\/p>\n","protected":false},"author":1,"featured_media":0,"parent":0,"menu_order":0,"comment_status":"closed","ping_status":"closed","template":"fullwidth.php","meta":{"footnotes":""},"_links":{"self":[{"href":"https:\/\/lluriabarcelona.com\/ca\/wp-json\/wp\/v2\/pages\/3329"}],"collection":[{"href":"https:\/\/lluriabarcelona.com\/ca\/wp-json\/wp\/v2\/pages"}],"about":[{"href":"https:\/\/lluriabarcelona.com\/ca\/wp-json\/wp\/v2\/types\/page"}],"author":[{"embeddable":true,"href":"https:\/\/lluriabarcelona.com\/ca\/wp-json\/wp\/v2\/users\/1"}],"replies":[{"embeddable":true,"href":"https:\/\/lluriabarcelona.com\/ca\/wp-json\/wp\/v2\/comments?post=3329"}],"version-history":[{"count":3,"href":"https:\/\/lluriabarcelona.com\/ca\/wp-json\/wp\/v2\/pages\/3329\/revisions"}],"predecessor-version":[{"id":3332,"href":"https:\/\/lluriabarcelona.com\/ca\/wp-json\/wp\/v2\/pages\/3329\/revisions\/3332"}],"wp:attachment":[{"href":"https:\/\/lluriabarcelona.com\/ca\/wp-json\/wp\/v2\/media?parent=3329"}],"curies":[{"name":"wp","href":"https:\/\/api.w.org\/{rel}","templated":true}]}}