{"id":3801,"date":"2021-07-01T09:52:46","date_gmt":"2021-07-01T07:52:46","guid":{"rendered":"https:\/\/lluriabarcelona.com\/?page_id=3801"},"modified":"2021-07-01T09:52:46","modified_gmt":"2021-07-01T07:52:46","slug":"casa-venuda-a-la-devesa-del-golf","status":"publish","type":"page","link":"https:\/\/lluriabarcelona.com\/ca\/casa-venuda-a-la-devesa-del-golf\/","title":{"rendered":"CASA VENUDA A LA DEVESA DEL GOLF"},"content":{"rendered":"<p>[vc_row css=&#8221;.vc_custom_1577967230778{margin-top: 75px !important;margin-bottom: 50px !important;}&#8221;][vc_column][vc_column_text el_class=&#8221;titProyecto&#8221;]<\/p>\n<p style=\"text-align: center;\">CASA VENUDA A LA DEVESA DEL GOLF<\/p>\n<p>[\/vc_column_text][vc_empty_space height=&#8221;10px&#8221;][\/vc_column][\/vc_row][vc_row full_width=&#8221;stretch_row_content_no_spaces&#8221; css=&#8221;.vc_custom_1587463124812{background-color: #bebfc0 !important;}&#8221;][vc_column][vc_row_inner gap=&#8221;35&#8243; el_class=&#8221;centrada2 white&#8221; css=&#8221;.vc_custom_1618404805241{margin-top: 40px !important;}&#8221;][vc_column_inner width=&#8221;2\/3&#8243;][vc_single_image image=&#8221;3790&#8243; img_size=&#8221;full&#8221; alignment=&#8221;center&#8221;][\/vc_column_inner][vc_column_inner width=&#8221;1\/3&#8243;][vc_column_text]<\/p>\n<p style=\"text-align: justify;\">La casa de pedra i fusta amb teulada de pissarra, terra de parquet, moqueta i llar de foc. Est\u00e0 distribu\u00efda en dues plantes, t\u00e9 dues sales d&#8217;estar, una a cada pis. \u00c0mplia i c\u00f2moda cuina. Disposa d&#8217;una gran parcel\u00b7la de 2.600 m2 amb un bonic jard\u00ed i un gran porxo. Renovada.<\/p>\n<p style=\"text-align: justify;\">Antoni Bonet i Castellana va ser un arquitecte, urbanista i dissenyador catal\u00e0. Va estudiar a l&#8217;Escola T\u00e8cnica Superior d&#8217;Arquitectura de Barcelona. Va iniciar la seva carrera professional amb els arquitectes Josep Llu\u00eds Sert i Torres Clav\u00e9, amb qui va fundar el MIDVA. Va ser en aquells anys, membre de la GATCPAC.<\/p>\n<p>[\/vc_column_text][\/vc_column_inner][\/vc_row_inner][\/vc_column][\/vc_row][vc_row][vc_column][vc_empty_space height=&#8221;60px&#8221;][\/vc_column][\/vc_row][vc_row][vc_column][vc_single_image image=&#8221;3814&#8243; img_size=&#8221;full&#8221; alignment=&#8221;center&#8221;][\/vc_column][\/vc_row][vc_row][vc_column][vc_empty_space height=&#8221;60px&#8221;][\/vc_column][\/vc_row]<\/p>\n","protected":false},"excerpt":{"rendered":"<p>[vc_row css=&#8221;.vc_custom_1577967230778{margin-top: 75px !important;margin-bottom: 50px !important;}&#8221;][vc_column][vc_column_text el_class=&#8221;titProyecto&#8221;] CASA VENUDA A LA DEVESA DEL GOLF [\/vc_column_text][vc_empty_space height=&#8221;10px&#8221;][\/vc_column][\/vc_row][vc_row full_width=&#8221;stretch_row_content_no_spaces&#8221; css=&#8221;.vc_custom_1587463124812{background-color: #bebfc0 !important;}&#8221;][vc_column][vc_row_inner gap=&#8221;35&#8243; el_class=&#8221;centrada2 white&#8221; css=&#8221;.vc_custom_1618404805241{margin-top: 40px !important;}&#8221;][vc_column_inner width=&#8221;2\/3&#8243;][vc_single_image image=&#8221;3790&#8243; img_size=&#8221;full&#8221; alignment=&#8221;center&#8221;][\/vc_column_inner][vc_column_inner width=&#8221;1\/3&#8243;][vc_column_text] La casa de pedra i fusta amb teulada de pissarra, terra de parquet, moqueta i llar de foc. Est\u00e0 distribu\u00efda en dues plantes, t\u00e9 [&hellip;]<\/p>\n","protected":false},"author":1,"featured_media":0,"parent":0,"menu_order":0,"comment_status":"closed","ping_status":"closed","template":"fullwidth.php","meta":{"footnotes":""},"_links":{"self":[{"href":"https:\/\/lluriabarcelona.com\/ca\/wp-json\/wp\/v2\/pages\/3801"}],"collection":[{"href":"https:\/\/lluriabarcelona.com\/ca\/wp-json\/wp\/v2\/pages"}],"about":[{"href":"https:\/\/lluriabarcelona.com\/ca\/wp-json\/wp\/v2\/types\/page"}],"author":[{"embeddable":true,"href":"https:\/\/lluriabarcelona.com\/ca\/wp-json\/wp\/v2\/users\/1"}],"replies":[{"embeddable":true,"href":"https:\/\/lluriabarcelona.com\/ca\/wp-json\/wp\/v2\/comments?post=3801"}],"version-history":[{"count":2,"href":"https:\/\/lluriabarcelona.com\/ca\/wp-json\/wp\/v2\/pages\/3801\/revisions"}],"predecessor-version":[{"id":3817,"href":"https:\/\/lluriabarcelona.com\/ca\/wp-json\/wp\/v2\/pages\/3801\/revisions\/3817"}],"wp:attachment":[{"href":"https:\/\/lluriabarcelona.com\/ca\/wp-json\/wp\/v2\/media?parent=3801"}],"curies":[{"name":"wp","href":"https:\/\/api.w.org\/{rel}","templated":true}]}}