{"id":4695,"date":"2021-07-23T12:45:34","date_gmt":"2021-07-23T10:45:34","guid":{"rendered":"https:\/\/lluriabarcelona.com\/?page_id=4695"},"modified":"2021-07-23T12:45:35","modified_gmt":"2021-07-23T10:45:35","slug":"casa-venuda-a-la-devesa-de-puigcerda","status":"publish","type":"page","link":"https:\/\/lluriabarcelona.com\/ca\/casa-venuda-a-la-devesa-de-puigcerda\/","title":{"rendered":"CASA VENUDA A LA DEVESA DE PUIGCERD\u00c0"},"content":{"rendered":"<p>[vc_row css=&#8221;.vc_custom_1577967230778{margin-top: 75px !important;margin-bottom: 50px !important;}&#8221;][vc_column][vc_column_text el_class=&#8221;titProyecto&#8221;]<\/p>\n<p style=\"text-align: center;\">CASA VENUDA EN LA DEVESA DE PUIGCERD\u00c0<\/p>\n<p>[\/vc_column_text][vc_empty_space height=&#8221;10px&#8221;][\/vc_column][\/vc_row][vc_row full_width=&#8221;stretch_row_content_no_spaces&#8221; css=&#8221;.vc_custom_1587463124812{background-color: #bebfc0 !important;}&#8221;][vc_column][vc_row_inner gap=&#8221;35&#8243; el_class=&#8221;centrada2 white&#8221; css=&#8221;.vc_custom_1618404805241{margin-top: 40px !important;}&#8221;][vc_column_inner width=&#8221;2\/3&#8243;][vc_single_image image=&#8221;4687&#8243; img_size=&#8221;full&#8221; alignment=&#8221;center&#8221;][\/vc_column_inner][vc_column_inner width=&#8221;1\/3&#8243;][vc_column_text]<\/p>\n<p style=\"text-align: justify;\">Aquesta magn\u00edfica casa est\u00e0 situada a la Devesa de Golf a pocs metres de Reial Club de golf de la Cerdanya, un dels m\u00e9s bells i exclusius camps de golf de Catalunya. Est\u00e0 envoltada d&#8217;un gran jard\u00ed amb paisatges meravellosos.<\/p>\n<p style=\"text-align: justify;\">La Cerdanya ofereix grans paisatges i excursions de tot tipus per gaudir de la natura i la muntanya.<\/p>\n<p>[\/vc_column_text][\/vc_column_inner][\/vc_row_inner][\/vc_column][\/vc_row][vc_row][vc_column][vc_empty_space height=&#8221;60px&#8221;][\/vc_column][\/vc_row][vc_row][vc_column][vc_single_image image=&#8221;4700&#8243; img_size=&#8221;full&#8221; alignment=&#8221;center&#8221;][\/vc_column][\/vc_row][vc_row][vc_column][vc_empty_space height=&#8221;60px&#8221;][\/vc_column][\/vc_row]<\/p>\n","protected":false},"excerpt":{"rendered":"<p>[vc_row css=&#8221;.vc_custom_1577967230778{margin-top: 75px !important;margin-bottom: 50px !important;}&#8221;][vc_column][vc_column_text el_class=&#8221;titProyecto&#8221;] CASA VENUDA EN LA DEVESA DE PUIGCERD\u00c0 [\/vc_column_text][vc_empty_space height=&#8221;10px&#8221;][\/vc_column][\/vc_row][vc_row full_width=&#8221;stretch_row_content_no_spaces&#8221; css=&#8221;.vc_custom_1587463124812{background-color: #bebfc0 !important;}&#8221;][vc_column][vc_row_inner gap=&#8221;35&#8243; el_class=&#8221;centrada2 white&#8221; css=&#8221;.vc_custom_1618404805241{margin-top: 40px !important;}&#8221;][vc_column_inner width=&#8221;2\/3&#8243;][vc_single_image image=&#8221;4687&#8243; img_size=&#8221;full&#8221; alignment=&#8221;center&#8221;][\/vc_column_inner][vc_column_inner width=&#8221;1\/3&#8243;][vc_column_text] Aquesta magn\u00edfica casa est\u00e0 situada a la Devesa de Golf a pocs metres de Reial Club de golf de la Cerdanya, un dels m\u00e9s [&hellip;]<\/p>\n","protected":false},"author":1,"featured_media":0,"parent":0,"menu_order":0,"comment_status":"closed","ping_status":"closed","template":"fullwidth.php","meta":{"footnotes":""},"_links":{"self":[{"href":"https:\/\/lluriabarcelona.com\/ca\/wp-json\/wp\/v2\/pages\/4695"}],"collection":[{"href":"https:\/\/lluriabarcelona.com\/ca\/wp-json\/wp\/v2\/pages"}],"about":[{"href":"https:\/\/lluriabarcelona.com\/ca\/wp-json\/wp\/v2\/types\/page"}],"author":[{"embeddable":true,"href":"https:\/\/lluriabarcelona.com\/ca\/wp-json\/wp\/v2\/users\/1"}],"replies":[{"embeddable":true,"href":"https:\/\/lluriabarcelona.com\/ca\/wp-json\/wp\/v2\/comments?post=4695"}],"version-history":[{"count":2,"href":"https:\/\/lluriabarcelona.com\/ca\/wp-json\/wp\/v2\/pages\/4695\/revisions"}],"predecessor-version":[{"id":4704,"href":"https:\/\/lluriabarcelona.com\/ca\/wp-json\/wp\/v2\/pages\/4695\/revisions\/4704"}],"wp:attachment":[{"href":"https:\/\/lluriabarcelona.com\/ca\/wp-json\/wp\/v2\/media?parent=4695"}],"curies":[{"name":"wp","href":"https:\/\/api.w.org\/{rel}","templated":true}]}}