{"id":4807,"date":"2021-09-17T09:49:08","date_gmt":"2021-09-17T07:49:08","guid":{"rendered":"https:\/\/lluriabarcelona.com\/?page_id=4807"},"modified":"2023-03-29T14:04:41","modified_gmt":"2023-03-29T12:04:41","slug":"casa-venuda-al-golf-de-la-cerdanya","status":"publish","type":"page","link":"https:\/\/lluriabarcelona.com\/ca\/casa-venuda-al-golf-de-la-cerdanya\/","title":{"rendered":"CASA VENUDA AL GOLF DE LA CERDANYA"},"content":{"rendered":"<p>[vc_row css=&#8221;.vc_custom_1577967230778{margin-top: 75px !important;margin-bottom: 50px !important;}&#8221;][vc_column][vc_column_text el_class=&#8221;titProyecto&#8221;]<\/p>\n<p style=\"text-align: center;\">CASA VENUDA AL GOLF DE LA CERDANYA<\/p>\n<p>[\/vc_column_text][vc_empty_space height=&#8221;10px&#8221;][\/vc_column][\/vc_row][vc_row full_width=&#8221;stretch_row_content_no_spaces&#8221; css=&#8221;.vc_custom_1587463124812{background-color: #bebfc0 !important;}&#8221;][vc_column][vc_row_inner gap=&#8221;35&#8243; el_class=&#8221;centrada2 white&#8221; css=&#8221;.vc_custom_1618404805241{margin-top: 40px !important;}&#8221;][vc_column_inner width=&#8221;2\/3&#8243;][vc_single_image image=&#8221;5955&#8243; img_size=&#8221;full&#8221; alignment=&#8221;center&#8221;][\/vc_column_inner][vc_column_inner width=&#8221;1\/3&#8243;][vc_column_text]<\/p>\n<p style=\"text-align: justify;\">Aquesta preciosa casa es situa prop de el Reial Club de Golf de la Cerdanya. Oferint meravellosos paisatges i un jard\u00ed espectacular.<\/p>\n<p style=\"text-align: justify;\">Es compon d&#8217;un terreny de 2040m2 i superf\u00edcie constru\u00efda de 207m2. Entre els forats 7 i 8 de l&#8217;antic recorregut de el camp de golf. Amb 4 habitacions i 3 banys, un p\u00e0rquing per a dos vehicles exterior i un p\u00e0rquing interior per cotxe de golf, motos i bicicletes.<\/p>\n<p style=\"text-align: justify;\">La definici\u00f3 dels acabats exteriors \u00e9s la seg\u00fcent: Pedra sense junta, fusta envellida de roure i castanyer, amb junt obert, pissarra i micro ciment d&#8217;\u00faltima generaci\u00f3 goretex, d&#8217;alta resist\u00e8ncia i gran flexibilitat. La fa\u00e7ana \u00e9s \u00fanica i revolucion\u00e0ria ja que est\u00e0 ventilada permanentment. A m\u00e9s disposa d&#8217;una malla per prevenir l&#8217;entrada d&#8217;insectes.<\/p>\n<p>[\/vc_column_text][\/vc_column_inner][\/vc_row_inner][\/vc_column][\/vc_row][vc_row][vc_column][vc_empty_space height=&#8221;60px&#8221;][\/vc_column][\/vc_row][vc_row][vc_column][vc_single_image image=&#8221;5947&#8243; img_size=&#8221;full&#8221; alignment=&#8221;center&#8221;][\/vc_column][\/vc_row][vc_row][vc_column][vc_empty_space height=&#8221;60px&#8221;][\/vc_column][\/vc_row]<\/p>\n","protected":false},"excerpt":{"rendered":"<p>[vc_row css=&#8221;.vc_custom_1577967230778{margin-top: 75px !important;margin-bottom: 50px !important;}&#8221;][vc_column][vc_column_text el_class=&#8221;titProyecto&#8221;] CASA VENUDA AL GOLF DE LA CERDANYA [\/vc_column_text][vc_empty_space height=&#8221;10px&#8221;][\/vc_column][\/vc_row][vc_row full_width=&#8221;stretch_row_content_no_spaces&#8221; css=&#8221;.vc_custom_1587463124812{background-color: #bebfc0 !important;}&#8221;][vc_column][vc_row_inner gap=&#8221;35&#8243; el_class=&#8221;centrada2 white&#8221; css=&#8221;.vc_custom_1618404805241{margin-top: 40px !important;}&#8221;][vc_column_inner width=&#8221;2\/3&#8243;][vc_single_image image=&#8221;5955&#8243; img_size=&#8221;full&#8221; alignment=&#8221;center&#8221;][\/vc_column_inner][vc_column_inner width=&#8221;1\/3&#8243;][vc_column_text] Aquesta preciosa casa es situa prop de el Reial Club de Golf de la Cerdanya. Oferint meravellosos paisatges i un jard\u00ed espectacular. Es compon [&hellip;]<\/p>\n","protected":false},"author":1,"featured_media":0,"parent":0,"menu_order":0,"comment_status":"closed","ping_status":"closed","template":"fullwidth.php","meta":{"footnotes":""},"_links":{"self":[{"href":"https:\/\/lluriabarcelona.com\/ca\/wp-json\/wp\/v2\/pages\/4807"}],"collection":[{"href":"https:\/\/lluriabarcelona.com\/ca\/wp-json\/wp\/v2\/pages"}],"about":[{"href":"https:\/\/lluriabarcelona.com\/ca\/wp-json\/wp\/v2\/types\/page"}],"author":[{"embeddable":true,"href":"https:\/\/lluriabarcelona.com\/ca\/wp-json\/wp\/v2\/users\/1"}],"replies":[{"embeddable":true,"href":"https:\/\/lluriabarcelona.com\/ca\/wp-json\/wp\/v2\/comments?post=4807"}],"version-history":[{"count":3,"href":"https:\/\/lluriabarcelona.com\/ca\/wp-json\/wp\/v2\/pages\/4807\/revisions"}],"predecessor-version":[{"id":5963,"href":"https:\/\/lluriabarcelona.com\/ca\/wp-json\/wp\/v2\/pages\/4807\/revisions\/5963"}],"wp:attachment":[{"href":"https:\/\/lluriabarcelona.com\/ca\/wp-json\/wp\/v2\/media?parent=4807"}],"curies":[{"name":"wp","href":"https:\/\/api.w.org\/{rel}","templated":true}]}}