{"id":4833,"date":"2021-09-28T16:57:30","date_gmt":"2021-09-28T14:57:30","guid":{"rendered":"https:\/\/lluriabarcelona.com\/?page_id=4833"},"modified":"2021-09-28T16:57:30","modified_gmt":"2021-09-28T14:57:30","slug":"parcel%c2%b7la-venuda-a-vilafranca-del-penedes","status":"publish","type":"page","link":"https:\/\/lluriabarcelona.com\/ca\/parcel%c2%b7la-venuda-a-vilafranca-del-penedes\/","title":{"rendered":"PARCEL\u00b7LA VENUDA A VILAFRANCA DEL PENED\u00c8S"},"content":{"rendered":"<p>[vc_row css=&#8221;.vc_custom_1577967230778{margin-top: 75px !important;margin-bottom: 50px !important;}&#8221;][vc_column][vc_column_text el_class=&#8221;titProyecto&#8221;]<\/p>\n<p style=\"text-align: center;\">PARCEL\u00b7LA VENUDA A VILAFRANCA DEL PENED\u00c8S<\/p>\n<p>[\/vc_column_text][vc_empty_space height=&#8221;10px&#8221;][\/vc_column][\/vc_row][vc_row full_width=&#8221;stretch_row_content_no_spaces&#8221; css=&#8221;.vc_custom_1587463124812{background-color: #bebfc0 !important;}&#8221;][vc_column][vc_row_inner gap=&#8221;35&#8243; el_class=&#8221;centrada2 white&#8221; css=&#8221;.vc_custom_1618404805241{margin-top: 40px !important;}&#8221;][vc_column_inner width=&#8221;2\/3&#8243;][vc_single_image image=&#8221;4825&#8243; img_size=&#8221;full&#8221; alignment=&#8221;center&#8221;][\/vc_column_inner][vc_column_inner width=&#8221;1\/3&#8243;][vc_column_text]<\/p>\n<p style=\"text-align: justify;\">En ple centre de la capital del vi, Vilafranca de Pened\u00e8s, trobem aquest solar d&#8217;\u00fas residencial amb edificaci\u00f3 a demolir.<\/p>\n<p style=\"text-align: justify;\">La ciutat ha sabut combinar la noblesa medieval amb les noves tend\u00e8ncies pr\u00f2pies d&#8217;un centre comercial, cultural i de serveis modern. Avui dia \u00e9s un centre econ\u00f2mic i comercial dotat de tots els serveis i amb bones comunicacions que l&#8217;apropen a les principals ciutats catalanes i de l&#8217;Estat espanyol. Vilafranca del Pened\u00e8s \u00e9s patrimoni, paisatge, vi, tradici\u00f3 i castells.<\/p>\n<p style=\"text-align: justify;\">La tend\u00e8ncia de la poblaci\u00f3 \u00e9s creixent.<\/p>\n<p style=\"text-align: justify;\">La qualificaci\u00f3 urban\u00edstica de la propietat \u00e9s de s\u00f2l urb\u00e0 consolidat.<\/p>\n<p>[\/vc_column_text][\/vc_column_inner][\/vc_row_inner][\/vc_column][\/vc_row][vc_row][vc_column][vc_empty_space height=&#8221;60px&#8221;][\/vc_column][\/vc_row][vc_row][vc_column][vc_single_image image=&#8221;4838&#8243; img_size=&#8221;full&#8221; alignment=&#8221;center&#8221;][\/vc_column][\/vc_row][vc_row][vc_column][vc_empty_space height=&#8221;60px&#8221;][\/vc_column][\/vc_row]<\/p>\n","protected":false},"excerpt":{"rendered":"<p>[vc_row css=&#8221;.vc_custom_1577967230778{margin-top: 75px !important;margin-bottom: 50px !important;}&#8221;][vc_column][vc_column_text el_class=&#8221;titProyecto&#8221;] PARCEL\u00b7LA VENUDA A VILAFRANCA DEL PENED\u00c8S [\/vc_column_text][vc_empty_space height=&#8221;10px&#8221;][\/vc_column][\/vc_row][vc_row full_width=&#8221;stretch_row_content_no_spaces&#8221; css=&#8221;.vc_custom_1587463124812{background-color: #bebfc0 !important;}&#8221;][vc_column][vc_row_inner gap=&#8221;35&#8243; el_class=&#8221;centrada2 white&#8221; css=&#8221;.vc_custom_1618404805241{margin-top: 40px !important;}&#8221;][vc_column_inner width=&#8221;2\/3&#8243;][vc_single_image image=&#8221;4825&#8243; img_size=&#8221;full&#8221; alignment=&#8221;center&#8221;][\/vc_column_inner][vc_column_inner width=&#8221;1\/3&#8243;][vc_column_text] En ple centre de la capital del vi, Vilafranca de Pened\u00e8s, trobem aquest solar d&#8217;\u00fas residencial amb edificaci\u00f3 a demolir. La ciutat ha sabut combinar [&hellip;]<\/p>\n","protected":false},"author":1,"featured_media":0,"parent":0,"menu_order":0,"comment_status":"closed","ping_status":"closed","template":"fullwidth.php","meta":{"footnotes":""},"_links":{"self":[{"href":"https:\/\/lluriabarcelona.com\/ca\/wp-json\/wp\/v2\/pages\/4833"}],"collection":[{"href":"https:\/\/lluriabarcelona.com\/ca\/wp-json\/wp\/v2\/pages"}],"about":[{"href":"https:\/\/lluriabarcelona.com\/ca\/wp-json\/wp\/v2\/types\/page"}],"author":[{"embeddable":true,"href":"https:\/\/lluriabarcelona.com\/ca\/wp-json\/wp\/v2\/users\/1"}],"replies":[{"embeddable":true,"href":"https:\/\/lluriabarcelona.com\/ca\/wp-json\/wp\/v2\/comments?post=4833"}],"version-history":[{"count":2,"href":"https:\/\/lluriabarcelona.com\/ca\/wp-json\/wp\/v2\/pages\/4833\/revisions"}],"predecessor-version":[{"id":4842,"href":"https:\/\/lluriabarcelona.com\/ca\/wp-json\/wp\/v2\/pages\/4833\/revisions\/4842"}],"wp:attachment":[{"href":"https:\/\/lluriabarcelona.com\/ca\/wp-json\/wp\/v2\/media?parent=4833"}],"curies":[{"name":"wp","href":"https:\/\/api.w.org\/{rel}","templated":true}]}}