{"id":5424,"date":"2022-09-01T15:47:20","date_gmt":"2022-09-01T13:47:20","guid":{"rendered":"https:\/\/lluriabarcelona.com\/?page_id=5424"},"modified":"2022-09-15T12:41:47","modified_gmt":"2022-09-15T10:41:47","slug":"mas-den-jover-vendido-en-girona","status":"publish","type":"page","link":"https:\/\/lluriabarcelona.com\/ca\/mas-den-jover-vendido-en-girona\/","title":{"rendered":"MAS D&#8217;EN JOVER VENUT A TARRAGONA"},"content":{"rendered":"<p>[vc_row css=&#8221;.vc_custom_1577967230778{margin-top: 75px !important;margin-bottom: 50px !important;}&#8221;][vc_column][vc_column_text el_class=&#8221;titProyecto&#8221;]<\/p>\n<p style=\"text-align: center;\">MAS D&#8217;EN JOVER VENUT A TARRAGONA<\/p>\n<p>[\/vc_column_text][vc_empty_space height=&#8221;10px&#8221;][\/vc_column][\/vc_row][vc_row full_width=&#8221;stretch_row_content_no_spaces&#8221; css=&#8221;.vc_custom_1587463124812{background-color: #bebfc0 !important;}&#8221;][vc_column][vc_row_inner gap=&#8221;35&#8243; el_class=&#8221;centrada2 white&#8221; css=&#8221;.vc_custom_1618404805241{margin-top: 40px !important;}&#8221;][vc_column_inner width=&#8221;2\/3&#8243;][vc_single_image image=&#8221;5418&#8243; img_size=&#8221;full&#8221; alignment=&#8221;center&#8221;][\/vc_column_inner][vc_column_inner width=&#8221;1\/3&#8243;][vc_column_text]<\/p>\n<p style=\"text-align: justify;\">Masia catalana constru\u00efda al segle XIV, d&#8217;estil g\u00f2tic, en pedra del pa\u00eds, consta de tres plantes amb sostres sostinguts per una estructura de grans arcades ogivals i amb una extensi\u00f3 de 50 hect\u00e0rees de terreny.<\/p>\n<p style=\"text-align: justify;\">Situada a la prov\u00edncia de Tarragona (Catalunya \u2013 Espanya) a 900 metres de la Costa Mediterr\u00e0nia, a 90 km de Barcelona i a 7 km de Tarragona.<\/p>\n<p>[\/vc_column_text][\/vc_column_inner][\/vc_row_inner][\/vc_column][\/vc_row][vc_row][vc_column][vc_empty_space height=&#8221;60px&#8221;][\/vc_column][\/vc_row][vc_row][vc_column][vc_single_image image=&#8221;5429&#8243; img_size=&#8221;full&#8221; alignment=&#8221;center&#8221;][\/vc_column][\/vc_row][vc_row][vc_column][vc_empty_space height=&#8221;60px&#8221;][\/vc_column][\/vc_row]<\/p>\n","protected":false},"excerpt":{"rendered":"<p>[vc_row css=&#8221;.vc_custom_1577967230778{margin-top: 75px !important;margin-bottom: 50px !important;}&#8221;][vc_column][vc_column_text el_class=&#8221;titProyecto&#8221;] MAS D&#8217;EN JOVER VENUT A TARRAGONA [\/vc_column_text][vc_empty_space height=&#8221;10px&#8221;][\/vc_column][\/vc_row][vc_row full_width=&#8221;stretch_row_content_no_spaces&#8221; css=&#8221;.vc_custom_1587463124812{background-color: #bebfc0 !important;}&#8221;][vc_column][vc_row_inner gap=&#8221;35&#8243; el_class=&#8221;centrada2 white&#8221; css=&#8221;.vc_custom_1618404805241{margin-top: 40px !important;}&#8221;][vc_column_inner width=&#8221;2\/3&#8243;][vc_single_image image=&#8221;5418&#8243; img_size=&#8221;full&#8221; alignment=&#8221;center&#8221;][\/vc_column_inner][vc_column_inner width=&#8221;1\/3&#8243;][vc_column_text] Masia catalana constru\u00efda al segle XIV, d&#8217;estil g\u00f2tic, en pedra del pa\u00eds, consta de tres plantes amb sostres sostinguts per una estructura de grans arcades [&hellip;]<\/p>\n","protected":false},"author":1,"featured_media":0,"parent":0,"menu_order":0,"comment_status":"closed","ping_status":"closed","template":"fullwidth.php","meta":{"footnotes":""},"_links":{"self":[{"href":"https:\/\/lluriabarcelona.com\/ca\/wp-json\/wp\/v2\/pages\/5424"}],"collection":[{"href":"https:\/\/lluriabarcelona.com\/ca\/wp-json\/wp\/v2\/pages"}],"about":[{"href":"https:\/\/lluriabarcelona.com\/ca\/wp-json\/wp\/v2\/types\/page"}],"author":[{"embeddable":true,"href":"https:\/\/lluriabarcelona.com\/ca\/wp-json\/wp\/v2\/users\/1"}],"replies":[{"embeddable":true,"href":"https:\/\/lluriabarcelona.com\/ca\/wp-json\/wp\/v2\/comments?post=5424"}],"version-history":[{"count":4,"href":"https:\/\/lluriabarcelona.com\/ca\/wp-json\/wp\/v2\/pages\/5424\/revisions"}],"predecessor-version":[{"id":5762,"href":"https:\/\/lluriabarcelona.com\/ca\/wp-json\/wp\/v2\/pages\/5424\/revisions\/5762"}],"wp:attachment":[{"href":"https:\/\/lluriabarcelona.com\/ca\/wp-json\/wp\/v2\/media?parent=5424"}],"curies":[{"name":"wp","href":"https:\/\/api.w.org\/{rel}","templated":true}]}}