{"id":5449,"date":"2022-09-15T12:15:45","date_gmt":"2022-09-15T10:15:45","guid":{"rendered":"https:\/\/lluriabarcelona.com\/?page_id=5449"},"modified":"2022-09-15T12:49:41","modified_gmt":"2022-09-15T10:49:41","slug":"edifici-destil-modernista-venut-al-putxet","status":"publish","type":"page","link":"https:\/\/lluriabarcelona.com\/ca\/edifici-destil-modernista-venut-al-putxet\/","title":{"rendered":"EDIFICI D&#8217;ESTIL MODERNISTA VENUT AL PUTXET"},"content":{"rendered":"<p>[vc_row css=&#8221;.vc_custom_1577967230778{margin-top: 75px !important;margin-bottom: 50px !important;}&#8221;][vc_column][vc_column_text el_class=&#8221;titProyecto&#8221;]<\/p>\n<p style=\"text-align: center;\">EDIFICI D&#8217;ESTIL MODERNISTA VENUT AL PUTXET<\/p>\n<p>[\/vc_column_text][vc_empty_space height=&#8221;10px&#8221;][\/vc_column][\/vc_row][vc_row full_width=&#8221;stretch_row_content_no_spaces&#8221; css=&#8221;.vc_custom_1587463124812{background-color: #bebfc0 !important;}&#8221;][vc_column][vc_row_inner gap=&#8221;35&#8243; el_class=&#8221;centrada2 white&#8221; css=&#8221;.vc_custom_1618404805241{margin-top: 40px !important;}&#8221;][vc_column_inner width=&#8221;2\/3&#8243;][vc_single_image image=&#8221;5748&#8243; img_size=&#8221;full&#8221; alignment=&#8221;center&#8221;][\/vc_column_inner][vc_column_inner width=&#8221;1\/3&#8243;][vc_column_text]\u00c9s un edifici, encarregat per un escriptor, que es va construir el 1908 i que va ser dissenyat per l\u2019arquitecte modernista Josep Font i Gum\u00e0\u00a0(1859-1922) que project\u00e0 la Vil.la Carmen l\u2019any 1908. Est\u00e8ticament va seguir l\u2019estela de Gaud\u00ed, Domenech i Montaner, i Puig i Cadafalch. A Barcelona destaquen el Forn de Jaume al Passeig de Gr\u00e0cia i la reforma de l\u2019Ateneu. A Vilanova la casa d\u2019Empara i la F\u00e0brica Pirelli i a Sitges l\u2019hospital de San Joan. Al 1906 fou President de l\u2019Associaci\u00f3 d\u2019arquitectes de Catalunya.<\/p>\n<p>L&#8217;edifici, que consta de 4 plantes pis i terrat, mesura 598m2 segons recent mesurament reflectit al registre de la propietat.<\/p>\n<p>Tamb\u00e9 disposa de 240 m2 de jard\u00ed i terrasses. Figuren en cadastre sis entitats: tres habitatges, un magatzem, un aparcament i un recinte esportiu. La parcel\u00b7la a mida 289 m2, ocupant la construcci\u00f3 uns 170m2 de la mateixa<\/p>\n<p>\u00c9s un immoble ideal per als amants de la tranquil\u00b7litat i confortable estil de vida d\u00b4un immoble singular en una exclusiva zona de Barcelona, \u200b\u200bmolt ben comunicada ia uns minuts de comer\u00e7os, la Ronda de Dalt i enclavaments com a pla\u00e7a Catalunya, Passeig de Gr\u00e0cia , Avinguda Diagonal i les millors escoles de la ciutat.[\/vc_column_text][\/vc_column_inner][\/vc_row_inner][\/vc_column][\/vc_row][vc_row][vc_column][vc_empty_space height=&#8221;60px&#8221;][\/vc_column][\/vc_row][vc_row][vc_column][vc_single_image image=&#8221;5751&#8243; img_size=&#8221;full&#8221; alignment=&#8221;center&#8221;][\/vc_column][\/vc_row][vc_row][vc_column][vc_empty_space height=&#8221;60px&#8221;][\/vc_column][\/vc_row]<\/p>\n","protected":false},"excerpt":{"rendered":"<p>[vc_row css=&#8221;.vc_custom_1577967230778{margin-top: 75px !important;margin-bottom: 50px !important;}&#8221;][vc_column][vc_column_text el_class=&#8221;titProyecto&#8221;] EDIFICI D&#8217;ESTIL MODERNISTA VENUT AL PUTXET [\/vc_column_text][vc_empty_space height=&#8221;10px&#8221;][\/vc_column][\/vc_row][vc_row full_width=&#8221;stretch_row_content_no_spaces&#8221; css=&#8221;.vc_custom_1587463124812{background-color: #bebfc0 !important;}&#8221;][vc_column][vc_row_inner gap=&#8221;35&#8243; el_class=&#8221;centrada2 white&#8221; css=&#8221;.vc_custom_1618404805241{margin-top: 40px !important;}&#8221;][vc_column_inner width=&#8221;2\/3&#8243;][vc_single_image image=&#8221;5748&#8243; img_size=&#8221;full&#8221; alignment=&#8221;center&#8221;][\/vc_column_inner][vc_column_inner width=&#8221;1\/3&#8243;][vc_column_text]\u00c9s un edifici, encarregat per un escriptor, que es va construir el 1908 i que va ser dissenyat per l\u2019arquitecte modernista Josep Font i Gum\u00e0\u00a0(1859-1922) que [&hellip;]<\/p>\n","protected":false},"author":1,"featured_media":0,"parent":0,"menu_order":0,"comment_status":"closed","ping_status":"closed","template":"fullwidth.php","meta":{"footnotes":""},"_links":{"self":[{"href":"https:\/\/lluriabarcelona.com\/ca\/wp-json\/wp\/v2\/pages\/5449"}],"collection":[{"href":"https:\/\/lluriabarcelona.com\/ca\/wp-json\/wp\/v2\/pages"}],"about":[{"href":"https:\/\/lluriabarcelona.com\/ca\/wp-json\/wp\/v2\/types\/page"}],"author":[{"embeddable":true,"href":"https:\/\/lluriabarcelona.com\/ca\/wp-json\/wp\/v2\/users\/1"}],"replies":[{"embeddable":true,"href":"https:\/\/lluriabarcelona.com\/ca\/wp-json\/wp\/v2\/comments?post=5449"}],"version-history":[{"count":4,"href":"https:\/\/lluriabarcelona.com\/ca\/wp-json\/wp\/v2\/pages\/5449\/revisions"}],"predecessor-version":[{"id":5767,"href":"https:\/\/lluriabarcelona.com\/ca\/wp-json\/wp\/v2\/pages\/5449\/revisions\/5767"}],"wp:attachment":[{"href":"https:\/\/lluriabarcelona.com\/ca\/wp-json\/wp\/v2\/media?parent=5449"}],"curies":[{"name":"wp","href":"https:\/\/api.w.org\/{rel}","templated":true}]}}