{"id":5901,"date":"2023-03-09T12:08:48","date_gmt":"2023-03-09T11:08:48","guid":{"rendered":"https:\/\/lluriabarcelona.com\/?page_id=5901"},"modified":"2023-03-09T12:08:48","modified_gmt":"2023-03-09T11:08:48","slug":"antiga-rectoria-del-s-xviii-venuda-a-ventajola","status":"publish","type":"page","link":"https:\/\/lluriabarcelona.com\/ca\/antiga-rectoria-del-s-xviii-venuda-a-ventajola\/","title":{"rendered":"ANTIGA RECTORIA DEL S.XVIII VENUDA A VENTAJOLA"},"content":{"rendered":"<p>[vc_row css=&#8221;.vc_custom_1577967230778{margin-top: 75px !important;margin-bottom: 50px !important;}&#8221;][vc_column][vc_column_text el_class=&#8221;titProyecto&#8221;]<\/p>\n<p style=\"text-align: center;\">ANTIGA RECTORIA DEL S.XVIII VENUDA A VENTAJOLA<\/p>\n<p>[\/vc_column_text][vc_empty_space height=&#8221;10px&#8221;][\/vc_column][\/vc_row][vc_row full_width=&#8221;stretch_row_content_no_spaces&#8221; css=&#8221;.vc_custom_1587463124812{background-color: #bebfc0 !important;}&#8221;][vc_column][vc_row_inner gap=&#8221;35&#8243; el_class=&#8221;centrada2 white&#8221; css=&#8221;.vc_custom_1618404805241{margin-top: 40px !important;}&#8221;][vc_column_inner width=&#8221;2\/3&#8243;][vc_single_image image=&#8221;5893&#8243; img_size=&#8221;full&#8221; alignment=&#8221;center&#8221;][\/vc_column_inner][vc_column_inner width=&#8221;1\/3&#8243;][vc_column_text]Localitzada a Ventajola, aquesta casa amb encant es troba a 3 km de la localitat de Puigcerd\u00e0 ia 2 minuts amb cotxe del Golf de la Cerdanya.<\/p>\n<p>Es tracta d\u00b4una sola casa que es pot dividir en 3 edificacions diferents en una parcel\u00b7la de 3.900m2, unint-se a trav\u00e9s d\u00b4escales de pedra que recorren un jard\u00ed arbrat, amb zona de barbacoa i terrasses. Compte amb 4 habitacions, 4 banys, 1 lavabo, 2 cuines, 2 salons i un menjador.<\/p>\n<p>Disposa d\u00b4unes magn\u00edfiques vistes, ja que es troba envoltada de terreny r\u00fastic, per la qual cosa compta amb gran privadesa.<\/p>\n<p>\u00c9s una finca amb hist\u00f2ria, que data de l&#8217;any 1750, segons cadastre. S&#8217;observa en els rics detalls arquitect\u00f2nics originals que mant\u00e9 avui dia, com s\u00f3n portes i finestres, bigues de fusta a la vista, i murs de pedra.[\/vc_column_text][\/vc_column_inner][\/vc_row_inner][\/vc_column][\/vc_row][vc_row][vc_column][vc_empty_space height=&#8221;60px&#8221;][\/vc_column][\/vc_row][vc_row][vc_column][vc_single_image image=&#8221;5906&#8243; img_size=&#8221;full&#8221; alignment=&#8221;center&#8221;][\/vc_column][\/vc_row][vc_row][vc_column][vc_empty_space height=&#8221;60px&#8221;][\/vc_column][\/vc_row]<\/p>\n","protected":false},"excerpt":{"rendered":"<p>[vc_row css=&#8221;.vc_custom_1577967230778{margin-top: 75px !important;margin-bottom: 50px !important;}&#8221;][vc_column][vc_column_text el_class=&#8221;titProyecto&#8221;] ANTIGA RECTORIA DEL S.XVIII VENUDA A VENTAJOLA [\/vc_column_text][vc_empty_space height=&#8221;10px&#8221;][\/vc_column][\/vc_row][vc_row full_width=&#8221;stretch_row_content_no_spaces&#8221; css=&#8221;.vc_custom_1587463124812{background-color: #bebfc0 !important;}&#8221;][vc_column][vc_row_inner gap=&#8221;35&#8243; el_class=&#8221;centrada2 white&#8221; css=&#8221;.vc_custom_1618404805241{margin-top: 40px !important;}&#8221;][vc_column_inner width=&#8221;2\/3&#8243;][vc_single_image image=&#8221;5893&#8243; img_size=&#8221;full&#8221; alignment=&#8221;center&#8221;][\/vc_column_inner][vc_column_inner width=&#8221;1\/3&#8243;][vc_column_text]Localitzada a Ventajola, aquesta casa amb encant es troba a 3 km de la localitat de Puigcerd\u00e0 ia 2 minuts amb cotxe del Golf de [&hellip;]<\/p>\n","protected":false},"author":1,"featured_media":0,"parent":0,"menu_order":0,"comment_status":"closed","ping_status":"closed","template":"fullwidth.php","meta":{"footnotes":""},"_links":{"self":[{"href":"https:\/\/lluriabarcelona.com\/ca\/wp-json\/wp\/v2\/pages\/5901"}],"collection":[{"href":"https:\/\/lluriabarcelona.com\/ca\/wp-json\/wp\/v2\/pages"}],"about":[{"href":"https:\/\/lluriabarcelona.com\/ca\/wp-json\/wp\/v2\/types\/page"}],"author":[{"embeddable":true,"href":"https:\/\/lluriabarcelona.com\/ca\/wp-json\/wp\/v2\/users\/1"}],"replies":[{"embeddable":true,"href":"https:\/\/lluriabarcelona.com\/ca\/wp-json\/wp\/v2\/comments?post=5901"}],"version-history":[{"count":2,"href":"https:\/\/lluriabarcelona.com\/ca\/wp-json\/wp\/v2\/pages\/5901\/revisions"}],"predecessor-version":[{"id":5915,"href":"https:\/\/lluriabarcelona.com\/ca\/wp-json\/wp\/v2\/pages\/5901\/revisions\/5915"}],"wp:attachment":[{"href":"https:\/\/lluriabarcelona.com\/ca\/wp-json\/wp\/v2\/media?parent=5901"}],"curies":[{"name":"wp","href":"https:\/\/api.w.org\/{rel}","templated":true}]}}