{"id":5923,"date":"2023-03-23T13:03:34","date_gmt":"2023-03-23T12:03:34","guid":{"rendered":"https:\/\/lluriabarcelona.com\/?page_id=5923"},"modified":"2023-03-30T09:10:49","modified_gmt":"2023-03-30T07:10:49","slug":"exclusiva-casa-venuda-a-sant-gervasi","status":"publish","type":"page","link":"https:\/\/lluriabarcelona.com\/ca\/exclusiva-casa-venuda-a-sant-gervasi\/","title":{"rendered":"EXCLUSIVA CASA LLOGADA A SANT GERVASI"},"content":{"rendered":"<p>[vc_row css=&#8221;.vc_custom_1577967230778{margin-top: 75px !important;margin-bottom: 50px !important;}&#8221;][vc_column][vc_column_text el_class=&#8221;titProyecto&#8221;]<\/p>\n<p style=\"text-align: center;\">EXCLUSIVA CASA LLOGADA A SANT GERVASI<\/p>\n<p>[\/vc_column_text][vc_empty_space height=&#8221;10px&#8221;][\/vc_column][\/vc_row][vc_row full_width=&#8221;stretch_row_content_no_spaces&#8221; css=&#8221;.vc_custom_1587463124812{background-color: #bebfc0 !important;}&#8221;][vc_column][vc_row_inner gap=&#8221;35&#8243; el_class=&#8221;centrada2 white&#8221; css=&#8221;.vc_custom_1618404805241{margin-top: 40px !important;}&#8221;][vc_column_inner width=&#8221;2\/3&#8243;][vc_single_image image=&#8221;5918&#8243; img_size=&#8221;full&#8221; alignment=&#8221;center&#8221;][\/vc_column_inner][vc_column_inner width=&#8221;1\/3&#8243;][vc_column_text]\u00c0mplia i exclusiva casa de 750 m2 constru\u00efts, amb 1.000m2 de terreny en ubicaci\u00f3 excepcional.<\/p>\n<p>Es troba al barri de Sant Gervasi, zona residencial on s&#8217;ubiquen les millors escoles de Barcelona.<\/p>\n<p>Consta de dues plantes, 6 dormitoris i 6 banys reformats, cuina totalment nova, dos salons, jard\u00ed i garatge amb dues places de p\u00e0rquing.<\/p>\n<p>La casa ha estat dissenyada per l&#8217;arquitecte Coderch. 1 dels banys i habitaci\u00f3 es troba en una caseta de convidats amb entrada independent. Garatge amb dues places de p\u00e0rquing.[\/vc_column_text][\/vc_column_inner][\/vc_row_inner][\/vc_column][\/vc_row][vc_row][vc_column][vc_empty_space height=&#8221;60px&#8221;][\/vc_column][\/vc_row][vc_row][vc_column][vc_single_image image=&#8221;5928&#8243; img_size=&#8221;full&#8221; alignment=&#8221;center&#8221;][\/vc_column][\/vc_row][vc_row][vc_column][vc_empty_space height=&#8221;60px&#8221;][\/vc_column][\/vc_row]<\/p>\n","protected":false},"excerpt":{"rendered":"<p>[vc_row css=&#8221;.vc_custom_1577967230778{margin-top: 75px !important;margin-bottom: 50px !important;}&#8221;][vc_column][vc_column_text el_class=&#8221;titProyecto&#8221;] EXCLUSIVA CASA LLOGADA A SANT GERVASI [\/vc_column_text][vc_empty_space height=&#8221;10px&#8221;][\/vc_column][\/vc_row][vc_row full_width=&#8221;stretch_row_content_no_spaces&#8221; css=&#8221;.vc_custom_1587463124812{background-color: #bebfc0 !important;}&#8221;][vc_column][vc_row_inner gap=&#8221;35&#8243; el_class=&#8221;centrada2 white&#8221; css=&#8221;.vc_custom_1618404805241{margin-top: 40px !important;}&#8221;][vc_column_inner width=&#8221;2\/3&#8243;][vc_single_image image=&#8221;5918&#8243; img_size=&#8221;full&#8221; alignment=&#8221;center&#8221;][\/vc_column_inner][vc_column_inner width=&#8221;1\/3&#8243;][vc_column_text]\u00c0mplia i exclusiva casa de 750 m2 constru\u00efts, amb 1.000m2 de terreny en ubicaci\u00f3 excepcional. Es troba al barri de Sant Gervasi, zona residencial on s&#8217;ubiquen [&hellip;]<\/p>\n","protected":false},"author":1,"featured_media":0,"parent":0,"menu_order":0,"comment_status":"closed","ping_status":"closed","template":"fullwidth.php","meta":{"footnotes":""},"_links":{"self":[{"href":"https:\/\/lluriabarcelona.com\/ca\/wp-json\/wp\/v2\/pages\/5923"}],"collection":[{"href":"https:\/\/lluriabarcelona.com\/ca\/wp-json\/wp\/v2\/pages"}],"about":[{"href":"https:\/\/lluriabarcelona.com\/ca\/wp-json\/wp\/v2\/types\/page"}],"author":[{"embeddable":true,"href":"https:\/\/lluriabarcelona.com\/ca\/wp-json\/wp\/v2\/users\/1"}],"replies":[{"embeddable":true,"href":"https:\/\/lluriabarcelona.com\/ca\/wp-json\/wp\/v2\/comments?post=5923"}],"version-history":[{"count":3,"href":"https:\/\/lluriabarcelona.com\/ca\/wp-json\/wp\/v2\/pages\/5923\/revisions"}],"predecessor-version":[{"id":5964,"href":"https:\/\/lluriabarcelona.com\/ca\/wp-json\/wp\/v2\/pages\/5923\/revisions\/5964"}],"wp:attachment":[{"href":"https:\/\/lluriabarcelona.com\/ca\/wp-json\/wp\/v2\/media?parent=5923"}],"curies":[{"name":"wp","href":"https:\/\/api.w.org\/{rel}","templated":true}]}}