{"id":626,"date":"2020-01-02T15:54:40","date_gmt":"2020-01-02T14:54:40","guid":{"rendered":"https:\/\/lluriabarcelona.com\/quienes-somos\/"},"modified":"2024-01-30T11:47:27","modified_gmt":"2024-01-30T10:47:27","slug":"qui-som","status":"publish","type":"page","link":"https:\/\/lluriabarcelona.com\/ca\/qui-som\/","title":{"rendered":"Qui som"},"content":{"rendered":"<p>[vc_row full_width=&#8221;stretch_row_content_no_spaces&#8221; css=&#8221;.vc_custom_1577977826581{background-color: #f4f4f4 !important;}&#8221;][vc_column][vc_row_inner el_class=&#8221;centrada&#8221;][vc_column_inner width=&#8221;1\/2&#8243;][vc_empty_space height=&#8221;50px&#8221;][vc_single_image image=&#8221;201&#8243; img_size=&#8221;full&#8221;][vc_empty_space height=&#8221;50px&#8221;][vc_empty_space height=&#8221;50px&#8221;][vc_empty_space height=&#8221;50px&#8221;][vc_single_image image=&#8221;2977&#8243; img_size=&#8221;full&#8221;][\/vc_column_inner][vc_column_inner el_class=&#8221;cajaTextQuienes&#8221; width=&#8221;1\/2&#8243;][vc_column_text el_class=&#8221;titQuien&#8221;]QUI SOM[\/vc_column_text][vc_column_text]<\/p>\n<p style=\"text-align: justify;\">Finques Ll\u00faria \u00e9s una societat que es va constituir el 1999.<\/p>\n<p>[\/vc_column_text][vc_single_image image=&#8221;494&#8243; alignment=&#8221;center&#8221; onclick=&#8221;custom_link&#8221; img_link_target=&#8221;_blank&#8221; link=&#8221;http:\/\/www.fincaslluria.com\/es\/inicio.cfm&#8221;][vc_column_text]<\/p>\n<p style=\"text-align: justify;\">La societat va n\u00e9ixer amb l&#8217;objectiu d&#8217;administrar patrimoni de fam\u00edlies, inversors i \/ o particulars i amb els anys ha anat ampliant els seus serveis per cobrir les necessitats dels seus clients, principalment d&#8217;intermediaci\u00f3 immobili\u00e0ria, buscant sempre els millors perfils d&#8217;arrendataris i intermediant en vendes d&#8217;immobles.<\/p>\n<p style=\"text-align: justify;\">Actualment ens dediquem a la consultoria immobili\u00e0ria en el m\u00e9s ampli sentit. Finques urbanes i r\u00fastiques. Administraci\u00f3 vertical i horitzontal, intermediaci\u00f3, promoci\u00f3 i urbanisme.<\/p>\n<p style=\"text-align: justify;\">La seva ubicaci\u00f3 inicial es trobava al carrer Roger de Ll\u00faria al barri de l&#8217;Eixample. Posteriorment ens vam traslladar a Sant Gervasi, al costat de Pla\u00e7a Bonanova.<\/p>\n<p style=\"text-align: justify;\">La marca comercial Ll\u00faria Barcelona es crea el 2021 amb el prop\u00f2sit de gestionar a nivell comercial l&#8217;oferta d&#8217;immobles premium, prestant un servei boutique personalitzat de proximitat, efic\u00e0cia i proximitat, tal com hem fet durant aquests 25 anys que ens avalen.<\/p>\n<p>[\/vc_column_text][\/vc_column_inner][\/vc_row_inner][\/vc_column][\/vc_row][vc_row css=&#8221;.vc_custom_1589812976982{background-color: #f4f4f4 !important;}&#8221;][vc_column][vc_row_inner el_class=&#8221;centrada&#8221;][vc_column_inner][vc_column_text css=&#8221;.vc_custom_1621244903773{margin-top: 15px !important;}&#8221; el_class=&#8221;titQuien&#8221;]L&#8217;EQUIP[\/vc_column_text][\/vc_column_inner][\/vc_row_inner][vc_row_inner el_class=&#8221;centrada&#8221;][vc_column_inner width=&#8221;1\/2&#8243;][vc_column_text css=&#8221;.vc_custom_1706611644185{margin-top: 15px !important;}&#8221;]<em><strong>Gerent<\/strong><\/em><\/p>\n<p>Montse Torres<\/p>\n<p><a href=\"mailto:montsetorres@fincaslluria.com\">montsetorres@fincaslluria.com<\/a><\/p>\n<p>&nbsp;<\/p>\n<p><em><strong>Administrador de Finques<\/strong><\/em><\/p>\n<p>David Lacaci<\/p>\n<p><a href=\"mailto:davidlacaci@fincaslluria.com. \">davidlacaci@fincaslluria.com<\/a><\/p>\n<p>Andrea Serrano<\/p>\n<p><a href=\"mailto:egarcia@fincaslluria.com\">andreaserrano@fincaslluria.com<\/a>.<\/p>\n<p>[\/vc_column_text][\/vc_column_inner][\/vc_row_inner][vc_empty_space height=&#8221;50px&#8221;][\/vc_column][\/vc_row]<\/p>\n","protected":false},"excerpt":{"rendered":"<p>[vc_row full_width=&#8221;stretch_row_content_no_spaces&#8221; css=&#8221;.vc_custom_1577977826581{background-color: #f4f4f4 !important;}&#8221;][vc_column][vc_row_inner el_class=&#8221;centrada&#8221;][vc_column_inner width=&#8221;1\/2&#8243;][vc_empty_space height=&#8221;50px&#8221;][vc_single_image image=&#8221;201&#8243; img_size=&#8221;full&#8221;][vc_empty_space height=&#8221;50px&#8221;][vc_empty_space height=&#8221;50px&#8221;][vc_empty_space height=&#8221;50px&#8221;][vc_single_image image=&#8221;2977&#8243; img_size=&#8221;full&#8221;][\/vc_column_inner][vc_column_inner el_class=&#8221;cajaTextQuienes&#8221; width=&#8221;1\/2&#8243;][vc_column_text el_class=&#8221;titQuien&#8221;]QUI SOM[\/vc_column_text][vc_column_text] Finques Ll\u00faria \u00e9s una societat que es va constituir el 1999. [\/vc_column_text][vc_single_image image=&#8221;494&#8243; alignment=&#8221;center&#8221; onclick=&#8221;custom_link&#8221; img_link_target=&#8221;_blank&#8221; link=&#8221;http:\/\/www.fincaslluria.com\/es\/inicio.cfm&#8221;][vc_column_text] La societat va n\u00e9ixer amb l&#8217;objectiu d&#8217;administrar patrimoni de fam\u00edlies, inversors i \/ o particulars i amb els anys [&hellip;]<\/p>\n","protected":false},"author":1,"featured_media":0,"parent":0,"menu_order":0,"comment_status":"closed","ping_status":"closed","template":"fullwidth.php","meta":{"footnotes":""},"_links":{"self":[{"href":"https:\/\/lluriabarcelona.com\/ca\/wp-json\/wp\/v2\/pages\/626"}],"collection":[{"href":"https:\/\/lluriabarcelona.com\/ca\/wp-json\/wp\/v2\/pages"}],"about":[{"href":"https:\/\/lluriabarcelona.com\/ca\/wp-json\/wp\/v2\/types\/page"}],"author":[{"embeddable":true,"href":"https:\/\/lluriabarcelona.com\/ca\/wp-json\/wp\/v2\/users\/1"}],"replies":[{"embeddable":true,"href":"https:\/\/lluriabarcelona.com\/ca\/wp-json\/wp\/v2\/comments?post=626"}],"version-history":[{"count":8,"href":"https:\/\/lluriabarcelona.com\/ca\/wp-json\/wp\/v2\/pages\/626\/revisions"}],"predecessor-version":[{"id":7010,"href":"https:\/\/lluriabarcelona.com\/ca\/wp-json\/wp\/v2\/pages\/626\/revisions\/7010"}],"wp:attachment":[{"href":"https:\/\/lluriabarcelona.com\/ca\/wp-json\/wp\/v2\/media?parent=626"}],"curies":[{"name":"wp","href":"https:\/\/api.w.org\/{rel}","templated":true}]}}