{"id":6362,"date":"2023-06-27T14:45:25","date_gmt":"2023-06-27T12:45:25","guid":{"rendered":"https:\/\/lluriabarcelona.com\/?page_id=6362"},"modified":"2023-06-27T14:45:25","modified_gmt":"2023-06-27T12:45:25","slug":"atic-duplex-venut-al-putxet","status":"publish","type":"page","link":"https:\/\/lluriabarcelona.com\/ca\/atic-duplex-venut-al-putxet\/","title":{"rendered":"\u00c0TIC-D\u00daPLEX VENUT AL PUTXET"},"content":{"rendered":"<p>[vc_row css=&#8221;.vc_custom_1577967230778{margin-top: 75px !important;margin-bottom: 50px !important;}&#8221;][vc_column][vc_column_text el_class=&#8221;titProyecto&#8221;]<\/p>\n<p style=\"text-align: center;\">\u00c0TIC-D\u00daPLEX VENUT AL PUTXET<\/p>\n<p>[\/vc_column_text][vc_empty_space height=&#8221;10px&#8221;][\/vc_column][\/vc_row][vc_row full_width=&#8221;stretch_row_content_no_spaces&#8221; css=&#8221;.vc_custom_1587463124812{background-color: #bebfc0 !important;}&#8221;][vc_column][vc_row_inner gap=&#8221;35&#8243; el_class=&#8221;centrada2 white&#8221; css=&#8221;.vc_custom_1618404805241{margin-top: 40px !important;}&#8221;][vc_column_inner width=&#8221;2\/3&#8243;][vc_single_image image=&#8221;6367&#8243; img_size=&#8221;full&#8221; alignment=&#8221;center&#8221;][\/vc_column_inner][vc_column_inner width=&#8221;1\/3&#8243;][vc_column_text]Es tracta d\u00b4un \u00e0tic-d\u00faplex amb una gran terrassa gaudible i vistes 360\u00ba de Barcelona. Tot exterior, molt llumin\u00f3s. Totes les habitacions amb terrassa o balc\u00f3.<\/p>\n<p>A la primera planta hi trobem un rebedor que comunica amb el sal\u00f3. En aquesta mateixa planta tenim dues habitacions i un bany complet. El sal\u00f3 i les habitacions comuniquen amb els balcons. Al costat de la cuina tenim un espai tancat o galeria per a la zona d&#8217;aig\u00fces (rentadora, assecadora&#8230;).<\/p>\n<p>La planta superior (\u00e0tic) es distribueix en 3 habitacions m\u00e9s (de les quals una \u00e9s la master-room amb vestidor) i un bany complet. Totes les habitacions comuniquen amb la gran terrassa.<\/p>\n<p>A m\u00e9s, la zona \u00e9s immillorable, ja que est\u00e0 envoltada de comer\u00e7os, a prop de les millors escoles i molt ben comunicat.[\/vc_column_text][\/vc_column_inner][\/vc_row_inner][\/vc_column][\/vc_row][vc_row][vc_column][vc_empty_space height=&#8221;60px&#8221;][\/vc_column][\/vc_row][vc_row][vc_column][vc_single_image image=&#8221;6370&#8243; img_size=&#8221;full&#8221; alignment=&#8221;center&#8221;][\/vc_column][\/vc_row][vc_row][vc_column][vc_empty_space height=&#8221;60px&#8221;][\/vc_column][\/vc_row]<\/p>\n","protected":false},"excerpt":{"rendered":"<p>[vc_row css=&#8221;.vc_custom_1577967230778{margin-top: 75px !important;margin-bottom: 50px !important;}&#8221;][vc_column][vc_column_text el_class=&#8221;titProyecto&#8221;] \u00c0TIC-D\u00daPLEX VENUT AL PUTXET [\/vc_column_text][vc_empty_space height=&#8221;10px&#8221;][\/vc_column][\/vc_row][vc_row full_width=&#8221;stretch_row_content_no_spaces&#8221; css=&#8221;.vc_custom_1587463124812{background-color: #bebfc0 !important;}&#8221;][vc_column][vc_row_inner gap=&#8221;35&#8243; el_class=&#8221;centrada2 white&#8221; css=&#8221;.vc_custom_1618404805241{margin-top: 40px !important;}&#8221;][vc_column_inner width=&#8221;2\/3&#8243;][vc_single_image image=&#8221;6367&#8243; img_size=&#8221;full&#8221; alignment=&#8221;center&#8221;][\/vc_column_inner][vc_column_inner width=&#8221;1\/3&#8243;][vc_column_text]Es tracta d\u00b4un \u00e0tic-d\u00faplex amb una gran terrassa gaudible i vistes 360\u00ba de Barcelona. Tot exterior, molt llumin\u00f3s. Totes les habitacions amb terrassa o balc\u00f3. A la primera [&hellip;]<\/p>\n","protected":false},"author":1,"featured_media":0,"parent":0,"menu_order":0,"comment_status":"closed","ping_status":"closed","template":"fullwidth.php","meta":{"footnotes":""},"_links":{"self":[{"href":"https:\/\/lluriabarcelona.com\/ca\/wp-json\/wp\/v2\/pages\/6362"}],"collection":[{"href":"https:\/\/lluriabarcelona.com\/ca\/wp-json\/wp\/v2\/pages"}],"about":[{"href":"https:\/\/lluriabarcelona.com\/ca\/wp-json\/wp\/v2\/types\/page"}],"author":[{"embeddable":true,"href":"https:\/\/lluriabarcelona.com\/ca\/wp-json\/wp\/v2\/users\/1"}],"replies":[{"embeddable":true,"href":"https:\/\/lluriabarcelona.com\/ca\/wp-json\/wp\/v2\/comments?post=6362"}],"version-history":[{"count":2,"href":"https:\/\/lluriabarcelona.com\/ca\/wp-json\/wp\/v2\/pages\/6362\/revisions"}],"predecessor-version":[{"id":6373,"href":"https:\/\/lluriabarcelona.com\/ca\/wp-json\/wp\/v2\/pages\/6362\/revisions\/6373"}],"wp:attachment":[{"href":"https:\/\/lluriabarcelona.com\/ca\/wp-json\/wp\/v2\/media?parent=6362"}],"curies":[{"name":"wp","href":"https:\/\/api.w.org\/{rel}","templated":true}]}}