{"id":6382,"date":"2023-07-05T11:15:14","date_gmt":"2023-07-05T09:15:14","guid":{"rendered":"https:\/\/lluriabarcelona.com\/?page_id=6382"},"modified":"2023-07-05T11:15:14","modified_gmt":"2023-07-05T09:15:14","slug":"pis-a-finca-regia-venut-a-leixample","status":"publish","type":"page","link":"https:\/\/lluriabarcelona.com\/ca\/pis-a-finca-regia-venut-a-leixample\/","title":{"rendered":"PIS A FINCA REGIA VENUT A L&#8217;EIXAMPLE"},"content":{"rendered":"<p>[vc_row css=&#8221;.vc_custom_1577967230778{margin-top: 75px !important;margin-bottom: 50px !important;}&#8221;][vc_column][vc_column_text el_class=&#8221;titProyecto&#8221;]<\/p>\n<p style=\"text-align: center;\">PIS A FINCA REGIA VENUT A L&#8217;EIXAMPLE<\/p>\n<p>[\/vc_column_text][vc_empty_space height=&#8221;10px&#8221;][\/vc_column][\/vc_row][vc_row full_width=&#8221;stretch_row_content_no_spaces&#8221; css=&#8221;.vc_custom_1587463124812{background-color: #bebfc0 !important;}&#8221;][vc_column][vc_row_inner gap=&#8221;35&#8243; el_class=&#8221;centrada2 white&#8221; css=&#8221;.vc_custom_1618404805241{margin-top: 40px !important;}&#8221;][vc_column_inner width=&#8221;2\/3&#8243;][vc_single_image image=&#8221;6394&#8243; img_size=&#8221;full&#8221; alignment=&#8221;center&#8221;][\/vc_column_inner][vc_column_inner width=&#8221;1\/3&#8243;][vc_column_text]Es tracta d&#8217;una finca r\u00e8gia, amb car\u00e0cter, disposa de sostres alts amb motllures, volta catalana, terra hidr\u00e0ulic (catalogat el del sal\u00f3), portes de fusta restaurades,\u2026<\/p>\n<p>En entrar hi trobem un acollidor rebedor amb una finestra amb detalls de vidres de colors i un preci\u00f3s terra hidr\u00e0ulic, el sal\u00f3 comunica amb la zona exterior i l&#8217;habitaci\u00f3 principal d\u00f3na a un ampli pati d&#8217;illa, per tant, \u00e9s un pis allargat que d\u00f3na a les dues fa\u00e7anes (davant i darrere) i que per tant, disposa d&#8217;una ventilaci\u00f3 excel\u00b7lent.<\/p>\n<p>Compte amb una superf\u00edcie \u00fatil de 85,20m2 distribu\u00efts en 3 habitacions (2 individuals i 1 doble) i 2 banys complets.<\/p>\n<p>A m\u00e9s disposa d\u00b4un balc\u00f3 a pati d\u00b4illa (amb safareig) i un altre exterior a carrer Muntaner amb finestres dobles. Tots dos de 3m2 cadascun.[\/vc_column_text][\/vc_column_inner][\/vc_row_inner][\/vc_column][\/vc_row][vc_row][vc_column][vc_empty_space height=&#8221;60px&#8221;][\/vc_column][\/vc_row][vc_row][vc_column][vc_single_image image=&#8221;6401&#8243; img_size=&#8221;full&#8221; alignment=&#8221;center&#8221;][\/vc_column][\/vc_row][vc_row][vc_column][vc_empty_space height=&#8221;60px&#8221;][\/vc_column][\/vc_row]<\/p>\n","protected":false},"excerpt":{"rendered":"<p>[vc_row css=&#8221;.vc_custom_1577967230778{margin-top: 75px !important;margin-bottom: 50px !important;}&#8221;][vc_column][vc_column_text el_class=&#8221;titProyecto&#8221;] PIS A FINCA REGIA VENUT A L&#8217;EIXAMPLE [\/vc_column_text][vc_empty_space height=&#8221;10px&#8221;][\/vc_column][\/vc_row][vc_row full_width=&#8221;stretch_row_content_no_spaces&#8221; css=&#8221;.vc_custom_1587463124812{background-color: #bebfc0 !important;}&#8221;][vc_column][vc_row_inner gap=&#8221;35&#8243; el_class=&#8221;centrada2 white&#8221; css=&#8221;.vc_custom_1618404805241{margin-top: 40px !important;}&#8221;][vc_column_inner width=&#8221;2\/3&#8243;][vc_single_image image=&#8221;6394&#8243; img_size=&#8221;full&#8221; alignment=&#8221;center&#8221;][\/vc_column_inner][vc_column_inner width=&#8221;1\/3&#8243;][vc_column_text]Es tracta d&#8217;una finca r\u00e8gia, amb car\u00e0cter, disposa de sostres alts amb motllures, volta catalana, terra hidr\u00e0ulic (catalogat el del sal\u00f3), portes de fusta restaurades,\u2026 [&hellip;]<\/p>\n","protected":false},"author":1,"featured_media":0,"parent":0,"menu_order":0,"comment_status":"closed","ping_status":"closed","template":"fullwidth.php","meta":{"footnotes":""},"_links":{"self":[{"href":"https:\/\/lluriabarcelona.com\/ca\/wp-json\/wp\/v2\/pages\/6382"}],"collection":[{"href":"https:\/\/lluriabarcelona.com\/ca\/wp-json\/wp\/v2\/pages"}],"about":[{"href":"https:\/\/lluriabarcelona.com\/ca\/wp-json\/wp\/v2\/types\/page"}],"author":[{"embeddable":true,"href":"https:\/\/lluriabarcelona.com\/ca\/wp-json\/wp\/v2\/users\/1"}],"replies":[{"embeddable":true,"href":"https:\/\/lluriabarcelona.com\/ca\/wp-json\/wp\/v2\/comments?post=6382"}],"version-history":[{"count":2,"href":"https:\/\/lluriabarcelona.com\/ca\/wp-json\/wp\/v2\/pages\/6382\/revisions"}],"predecessor-version":[{"id":6404,"href":"https:\/\/lluriabarcelona.com\/ca\/wp-json\/wp\/v2\/pages\/6382\/revisions\/6404"}],"wp:attachment":[{"href":"https:\/\/lluriabarcelona.com\/ca\/wp-json\/wp\/v2\/media?parent=6382"}],"curies":[{"name":"wp","href":"https:\/\/api.w.org\/{rel}","templated":true}]}}