{"id":7796,"date":"2025-02-07T12:39:09","date_gmt":"2025-02-07T11:39:09","guid":{"rendered":"https:\/\/lluriabarcelona.com\/?page_id=7796"},"modified":"2025-02-07T12:39:09","modified_gmt":"2025-02-07T11:39:09","slug":"72-vivendes-mes-parkings-y-trasters","status":"publish","type":"page","link":"https:\/\/lluriabarcelona.com\/ca\/72-vivendes-mes-parkings-y-trasters\/","title":{"rendered":"72 VIVENDES M\u00c9S PARKINGS Y TRASTERS"},"content":{"rendered":"<p>[vc_row css=&#8221;.vc_custom_1577967230778{margin-top: 75px !important;margin-bottom: 50px !important;}&#8221;][vc_column][vc_column_text el_class=&#8221;titProyecto&#8221;]<\/p>\n<p style=\"text-align: center;\">72 VIVENDES M\u00c9S PARKINGS Y TRASTERS<\/p>\n<p>[\/vc_column_text][vc_empty_space height=&#8221;10px&#8221;][\/vc_column][\/vc_row][vc_row full_width=&#8221;stretch_row_content_no_spaces&#8221; css=&#8221;.vc_custom_1587463124812{background-color: #bebfc0 !important;}&#8221;][vc_column][vc_row_inner gap=&#8221;35&#8243; el_class=&#8221;centrada2 white&#8221; css=&#8221;.vc_custom_1618404805241{margin-top: 40px !important;}&#8221;][vc_column_inner width=&#8221;2\/3&#8243;][vc_single_image image=&#8221;9751&#8243; img_size=&#8221;full&#8221; alignment=&#8221;center&#8221;][\/vc_column_inner][vc_column_inner width=&#8221;1\/3&#8243;][vc_column_text]<span class=\"Y2IQFc\" lang=\"ca\">Conjunt format per tres edificis plurifamiliars de pb+2pp amb 72 habitatges totals i 1 planta soterrani destinada a aparcament i trasters, amb piscina i pista de p\u00e0del. <\/span><\/p>\n<p><span class=\"Y2IQFc\" lang=\"ca\">S\u00f2l urbanitzat. <\/span><\/p>\n<p><span class=\"Y2IQFc\" lang=\"ca\">Disposa de divisi\u00f3 horitzontal de projecte dobra nova. La parcel\u00b7la t\u00e9 una superf\u00edcie de 6038,56 m2. <\/span><\/p>\n<p><span class=\"Y2IQFc\" lang=\"ca\">ZONIFICACI\u00d3: Zona d&#8217;ordenaci\u00f3 residencial plurifamiliar a\u00efllada. <\/span><\/p>\n<p><span class=\"Y2IQFc\" lang=\"ca\">T\u00e9 una edificabilitat m\u00e0xima 1,20 m\u00b2st\/m\u00b2s = 7300,27m\u00b2, amb \u00fas sobre rasant residencial i usos compatibles (terciari, equipaments comunitaris (educatiu, sanitari-assistencial, esportiu, administratiu i cultural) i aparcaments corresponents a les activitats principals. <\/span>[\/vc_column_text][\/vc_column_inner][\/vc_row_inner][\/vc_column][\/vc_row][vc_row][vc_column][vc_empty_space height=&#8221;60px&#8221;][\/vc_column][\/vc_row][vc_row][vc_column][vc_single_image image=&#8221;9742&#8243; img_size=&#8221;full&#8221; alignment=&#8221;center&#8221;][\/vc_column][\/vc_row][vc_row][vc_column][vc_empty_space height=&#8221;60px&#8221;][\/vc_column][\/vc_row]<\/p>\n","protected":false},"excerpt":{"rendered":"<p>[vc_row css=&#8221;.vc_custom_1577967230778{margin-top: 75px !important;margin-bottom: 50px !important;}&#8221;][vc_column][vc_column_text el_class=&#8221;titProyecto&#8221;] 72 VIVENDES M\u00c9S PARKINGS Y TRASTERS [\/vc_column_text][vc_empty_space height=&#8221;10px&#8221;][\/vc_column][\/vc_row][vc_row full_width=&#8221;stretch_row_content_no_spaces&#8221; css=&#8221;.vc_custom_1587463124812{background-color: #bebfc0 !important;}&#8221;][vc_column][vc_row_inner gap=&#8221;35&#8243; el_class=&#8221;centrada2 white&#8221; css=&#8221;.vc_custom_1618404805241{margin-top: 40px !important;}&#8221;][vc_column_inner width=&#8221;2\/3&#8243;][vc_single_image image=&#8221;9751&#8243; img_size=&#8221;full&#8221; alignment=&#8221;center&#8221;][\/vc_column_inner][vc_column_inner width=&#8221;1\/3&#8243;][vc_column_text]Conjunt format per tres edificis plurifamiliars de pb+2pp amb 72 habitatges totals i 1 planta soterrani destinada a aparcament i trasters, amb piscina i pista de [&hellip;]<\/p>\n","protected":false},"author":1,"featured_media":0,"parent":0,"menu_order":0,"comment_status":"closed","ping_status":"closed","template":"fullwidth.php","meta":{"footnotes":""},"_links":{"self":[{"href":"https:\/\/lluriabarcelona.com\/ca\/wp-json\/wp\/v2\/pages\/7796"}],"collection":[{"href":"https:\/\/lluriabarcelona.com\/ca\/wp-json\/wp\/v2\/pages"}],"about":[{"href":"https:\/\/lluriabarcelona.com\/ca\/wp-json\/wp\/v2\/types\/page"}],"author":[{"embeddable":true,"href":"https:\/\/lluriabarcelona.com\/ca\/wp-json\/wp\/v2\/users\/1"}],"replies":[{"embeddable":true,"href":"https:\/\/lluriabarcelona.com\/ca\/wp-json\/wp\/v2\/comments?post=7796"}],"version-history":[{"count":2,"href":"https:\/\/lluriabarcelona.com\/ca\/wp-json\/wp\/v2\/pages\/7796\/revisions"}],"predecessor-version":[{"id":9757,"href":"https:\/\/lluriabarcelona.com\/ca\/wp-json\/wp\/v2\/pages\/7796\/revisions\/9757"}],"wp:attachment":[{"href":"https:\/\/lluriabarcelona.com\/ca\/wp-json\/wp\/v2\/media?parent=7796"}],"curies":[{"name":"wp","href":"https:\/\/api.w.org\/{rel}","templated":true}]}}