{"id":9866,"date":"2025-09-18T13:07:17","date_gmt":"2025-09-18T11:07:17","guid":{"rendered":"https:\/\/lluriabarcelona.com\/?page_id=9866"},"modified":"2025-09-18T13:07:17","modified_gmt":"2025-09-18T11:07:17","slug":"pis-venut-a-sant-gervasi","status":"publish","type":"page","link":"https:\/\/lluriabarcelona.com\/ca\/pis-venut-a-sant-gervasi\/","title":{"rendered":"PIS VENUT A SANT GERVASI"},"content":{"rendered":"<p>[vc_row css=&#8221;.vc_custom_1577967230778{margin-top: 75px !important;margin-bottom: 50px !important;}&#8221;][vc_column][vc_column_text el_class=&#8221;titProyecto&#8221;]<\/p>\n<p style=\"text-align: center;\">PIS VENUT A SANT GERVASI<\/p>\n<p>[\/vc_column_text][vc_empty_space height=&#8221;10px&#8221;][\/vc_column][\/vc_row][vc_row full_width=&#8221;stretch_row_content_no_spaces&#8221; css=&#8221;.vc_custom_1587463124812{background-color: #bebfc0 !important;}&#8221;][vc_column][vc_row_inner gap=&#8221;35&#8243; el_class=&#8221;centrada2 white&#8221; css=&#8221;.vc_custom_1618404805241{margin-top: 40px !important;}&#8221;][vc_column_inner width=&#8221;2\/3&#8243;][vc_single_image image=&#8221;9855&#8243; img_size=&#8221;full&#8221; alignment=&#8221;center&#8221;][\/vc_column_inner][vc_column_inner width=&#8221;1\/3&#8243;][vc_column_text]Magn\u00edfic pis situat a Sarri\u00e0-Sant Gervasi amb excel\u00b7lent comunicaci\u00f3, a 2 minuts de la parada de bus (l\u00ednies V13 i V15), a 5 minuts del ferrocarril (El Putxet) i del metro. Ubicaci\u00f3 immillorable en un dels millors barris de Barcelona, \u200b\u200bmolt tranquil, envoltat de tots els serveis, escoles, \u00e0rees d&#8217;entreteniment i restaurants, aix\u00ed com parcs i jardins.<\/p>\n<p>El pis \u00e9s molt llumin\u00f3s i es compon de 111m2 distribu\u00efts en sal\u00f3-menjador, cuina tancada exterior, 3 habitacions exteriors molt lluminoses (una d&#8217;elles tipus suite), 2 banys i 1 habitaci\u00f3.<\/p>\n<p>Armaris robers encastats a cada habitaci\u00f3 amb altell.<\/p>\n<p>Disposa de balc\u00f3.[\/vc_column_text][\/vc_column_inner][\/vc_row_inner][\/vc_column][\/vc_row][vc_row][vc_column][vc_empty_space height=&#8221;60px&#8221;][\/vc_column][\/vc_row][vc_row][vc_column][vc_single_image image=&#8221;9858&#8243; img_size=&#8221;full&#8221; alignment=&#8221;center&#8221;][\/vc_column][\/vc_row][vc_row][vc_column][vc_empty_space height=&#8221;60px&#8221;][\/vc_column][\/vc_row]<\/p>\n","protected":false},"excerpt":{"rendered":"<p>[vc_row css=&#8221;.vc_custom_1577967230778{margin-top: 75px !important;margin-bottom: 50px !important;}&#8221;][vc_column][vc_column_text el_class=&#8221;titProyecto&#8221;] PIS VENUT A SANT GERVASI [\/vc_column_text][vc_empty_space height=&#8221;10px&#8221;][\/vc_column][\/vc_row][vc_row full_width=&#8221;stretch_row_content_no_spaces&#8221; css=&#8221;.vc_custom_1587463124812{background-color: #bebfc0 !important;}&#8221;][vc_column][vc_row_inner gap=&#8221;35&#8243; el_class=&#8221;centrada2 white&#8221; css=&#8221;.vc_custom_1618404805241{margin-top: 40px !important;}&#8221;][vc_column_inner width=&#8221;2\/3&#8243;][vc_single_image image=&#8221;9855&#8243; img_size=&#8221;full&#8221; alignment=&#8221;center&#8221;][\/vc_column_inner][vc_column_inner width=&#8221;1\/3&#8243;][vc_column_text]Magn\u00edfic pis situat a Sarri\u00e0-Sant Gervasi amb excel\u00b7lent comunicaci\u00f3, a 2 minuts de la parada de bus (l\u00ednies V13 i V15), a 5 minuts del ferrocarril (El [&hellip;]<\/p>\n","protected":false},"author":1,"featured_media":0,"parent":0,"menu_order":0,"comment_status":"closed","ping_status":"closed","template":"fullwidth.php","meta":{"footnotes":""},"_links":{"self":[{"href":"https:\/\/lluriabarcelona.com\/ca\/wp-json\/wp\/v2\/pages\/9866"}],"collection":[{"href":"https:\/\/lluriabarcelona.com\/ca\/wp-json\/wp\/v2\/pages"}],"about":[{"href":"https:\/\/lluriabarcelona.com\/ca\/wp-json\/wp\/v2\/types\/page"}],"author":[{"embeddable":true,"href":"https:\/\/lluriabarcelona.com\/ca\/wp-json\/wp\/v2\/users\/1"}],"replies":[{"embeddable":true,"href":"https:\/\/lluriabarcelona.com\/ca\/wp-json\/wp\/v2\/comments?post=9866"}],"version-history":[{"count":2,"href":"https:\/\/lluriabarcelona.com\/ca\/wp-json\/wp\/v2\/pages\/9866\/revisions"}],"predecessor-version":[{"id":9871,"href":"https:\/\/lluriabarcelona.com\/ca\/wp-json\/wp\/v2\/pages\/9866\/revisions\/9871"}],"wp:attachment":[{"href":"https:\/\/lluriabarcelona.com\/ca\/wp-json\/wp\/v2\/media?parent=9866"}],"curies":[{"name":"wp","href":"https:\/\/api.w.org\/{rel}","templated":true}]}}