{"id":9885,"date":"2025-09-18T13:53:55","date_gmt":"2025-09-18T11:53:55","guid":{"rendered":"https:\/\/lluriabarcelona.com\/?page_id=9885"},"modified":"2025-09-18T13:53:55","modified_gmt":"2025-09-18T11:53:55","slug":"local-venut-a-sant-gervasi","status":"publish","type":"page","link":"https:\/\/lluriabarcelona.com\/ca\/local-venut-a-sant-gervasi\/","title":{"rendered":"LOCAL VENUT A SANT GERVASI"},"content":{"rendered":"<p>[vc_row css=&#8221;.vc_custom_1577967230778{margin-top: 75px !important;margin-bottom: 50px !important;}&#8221;][vc_column][vc_column_text el_class=&#8221;titProyecto&#8221;]<\/p>\n<p style=\"text-align: center;\">LOCAL VENUT A SANT GERVASI<\/p>\n<p>[\/vc_column_text][vc_empty_space height=&#8221;10px&#8221;][\/vc_column][\/vc_row][vc_row full_width=&#8221;stretch_row_content_no_spaces&#8221; css=&#8221;.vc_custom_1587463124812{background-color: #bebfc0 !important;}&#8221;][vc_column][vc_row_inner gap=&#8221;35&#8243; el_class=&#8221;centrada2 white&#8221; css=&#8221;.vc_custom_1618404805241{margin-top: 40px !important;}&#8221;][vc_column_inner width=&#8221;2\/3&#8243;][vc_single_image image=&#8221;9877&#8243; img_size=&#8221;full&#8221; alignment=&#8221;center&#8221;][\/vc_column_inner][vc_column_inner width=&#8221;1\/3&#8243;][vc_column_text]El local comercial t\u00e9 una superf\u00edcie total constru\u00efda de 156,60 m2, dels quals 132 m2 corresponen a la pr\u00f2pia planta baixa i 24,60 m2 a les golfes.<\/p>\n<p>Excel\u00b7lent ubicaci\u00f3 en unes de les zones m\u00e9s exclusives de Barcelona, \u200b\u200bSarria-San\u00a0Gervasio. El barri disposa de tot tipus de transport p\u00fablic, comer\u00e7os, restaurants, botigues, escoles, parcs, gimnasos, etc.<\/p>\n<p>Zona comercial molt ben comunicada, a escassos metres de la pla\u00e7a Art\u00f3s i proper a les diverses l\u00ednies d&#8217;autob\u00fas de l&#8217;\u00e0rea metropolitana (34,130, N7, V3).<\/p>\n<p>Edifici constru\u00eft el 1992.[\/vc_column_text][\/vc_column_inner][\/vc_row_inner][\/vc_column][\/vc_row][vc_row][vc_column][vc_empty_space height=&#8221;60px&#8221;][\/vc_column][\/vc_row][vc_row][vc_column][vc_single_image image=&#8221;9890&#8243; img_size=&#8221;full&#8221; alignment=&#8221;center&#8221;][\/vc_column][\/vc_row][vc_row][vc_column][vc_empty_space height=&#8221;60px&#8221;][\/vc_column][\/vc_row]<\/p>\n","protected":false},"excerpt":{"rendered":"<p>[vc_row css=&#8221;.vc_custom_1577967230778{margin-top: 75px !important;margin-bottom: 50px !important;}&#8221;][vc_column][vc_column_text el_class=&#8221;titProyecto&#8221;] LOCAL VENUT A SANT GERVASI [\/vc_column_text][vc_empty_space height=&#8221;10px&#8221;][\/vc_column][\/vc_row][vc_row full_width=&#8221;stretch_row_content_no_spaces&#8221; css=&#8221;.vc_custom_1587463124812{background-color: #bebfc0 !important;}&#8221;][vc_column][vc_row_inner gap=&#8221;35&#8243; el_class=&#8221;centrada2 white&#8221; css=&#8221;.vc_custom_1618404805241{margin-top: 40px !important;}&#8221;][vc_column_inner width=&#8221;2\/3&#8243;][vc_single_image image=&#8221;9877&#8243; img_size=&#8221;full&#8221; alignment=&#8221;center&#8221;][\/vc_column_inner][vc_column_inner width=&#8221;1\/3&#8243;][vc_column_text]El local comercial t\u00e9 una superf\u00edcie total constru\u00efda de 156,60 m2, dels quals 132 m2 corresponen a la pr\u00f2pia planta baixa i 24,60 m2 a les golfes. [&hellip;]<\/p>\n","protected":false},"author":1,"featured_media":0,"parent":0,"menu_order":0,"comment_status":"closed","ping_status":"closed","template":"fullwidth.php","meta":{"footnotes":""},"_links":{"self":[{"href":"https:\/\/lluriabarcelona.com\/ca\/wp-json\/wp\/v2\/pages\/9885"}],"collection":[{"href":"https:\/\/lluriabarcelona.com\/ca\/wp-json\/wp\/v2\/pages"}],"about":[{"href":"https:\/\/lluriabarcelona.com\/ca\/wp-json\/wp\/v2\/types\/page"}],"author":[{"embeddable":true,"href":"https:\/\/lluriabarcelona.com\/ca\/wp-json\/wp\/v2\/users\/1"}],"replies":[{"embeddable":true,"href":"https:\/\/lluriabarcelona.com\/ca\/wp-json\/wp\/v2\/comments?post=9885"}],"version-history":[{"count":2,"href":"https:\/\/lluriabarcelona.com\/ca\/wp-json\/wp\/v2\/pages\/9885\/revisions"}],"predecessor-version":[{"id":9893,"href":"https:\/\/lluriabarcelona.com\/ca\/wp-json\/wp\/v2\/pages\/9885\/revisions\/9893"}],"wp:attachment":[{"href":"https:\/\/lluriabarcelona.com\/ca\/wp-json\/wp\/v2\/media?parent=9885"}],"curies":[{"name":"wp","href":"https:\/\/api.w.org\/{rel}","templated":true}]}}