{"id":9916,"date":"2025-09-30T11:00:09","date_gmt":"2025-09-30T09:00:09","guid":{"rendered":"https:\/\/lluriabarcelona.com\/?page_id=9916"},"modified":"2025-11-06T13:53:44","modified_gmt":"2025-11-06T12:53:44","slug":"edifici-venut-a-besalu","status":"publish","type":"page","link":"https:\/\/lluriabarcelona.com\/ca\/edifici-venut-a-besalu\/","title":{"rendered":"EDIFICI VENUT A BESAL\u00da"},"content":{"rendered":"<p>[vc_row css=&#8221;.vc_custom_1577967230778{margin-top: 75px !important;margin-bottom: 50px !important;}&#8221;][vc_column][vc_column_text el_class=&#8221;titProyecto&#8221;]<\/p>\n<p style=\"text-align: center;\">EDIFICI VENUT A BESAL\u00da<\/p>\n<p>[\/vc_column_text][vc_empty_space height=&#8221;10px&#8221;][\/vc_column][\/vc_row][vc_row full_width=&#8221;stretch_row_content_no_spaces&#8221; css=&#8221;.vc_custom_1587463124812{background-color: #bebfc0 !important;}&#8221;][vc_column][vc_row_inner gap=&#8221;35&#8243; el_class=&#8221;centrada2 white&#8221; css=&#8221;.vc_custom_1618404805241{margin-top: 40px !important;}&#8221;][vc_column_inner width=&#8221;2\/3&#8243;][vc_single_image image=&#8221;9900&#8243; img_size=&#8221;full&#8221; alignment=&#8221;center&#8221;][\/vc_column_inner][vc_column_inner width=&#8221;1\/3&#8243;][vc_column_text]<\/p>\n<p style=\"text-align: justify;\">Edifici situat en (Girona) compost de planta soterrani, planta baixa, planta primera amb entrep\u00eds, planta segona i planta tercera, amb la seg\u00fcent distribuci\u00f3.<\/p>\n<p style=\"text-align: justify;\">Una planta sotano que disposa de magatzem i sala d&#8217;instal\u00b7lacions.<\/p>\n<p style=\"text-align: justify;\">Planta baixa amb\u00a0Restaurant, bar, recepci\u00f3, sal\u00f3, cuina i vestuari de personal.<\/p>\n<p>Primera planta que disposa de\u00a05 habitacions tipus suite (sal\u00f3 i dormitori) aprofitant la planta entrep\u00eds.<\/p>\n<p>I una planta superior amb 1 habitaci\u00f3 tipus suite i 4 habitacions dobles.<\/p>\n<p style=\"text-align: justify;\">Tamb\u00e9 disposa de molt bona il\u00b7luminaci\u00f3 natural.<\/p>\n<p>[\/vc_column_text][\/vc_column_inner][\/vc_row_inner][\/vc_column][\/vc_row][vc_row][vc_column][vc_empty_space height=&#8221;60px&#8221;][\/vc_column][\/vc_row][vc_row][vc_column][vc_single_image image=&#8221;9938&#8243; img_size=&#8221;full&#8221; alignment=&#8221;center&#8221;][\/vc_column][\/vc_row][vc_row][vc_column][vc_empty_space height=&#8221;60px&#8221;][\/vc_column][\/vc_row]<\/p>\n","protected":false},"excerpt":{"rendered":"<p>[vc_row css=&#8221;.vc_custom_1577967230778{margin-top: 75px !important;margin-bottom: 50px !important;}&#8221;][vc_column][vc_column_text el_class=&#8221;titProyecto&#8221;] EDIFICI VENUT A BESAL\u00da [\/vc_column_text][vc_empty_space height=&#8221;10px&#8221;][\/vc_column][\/vc_row][vc_row full_width=&#8221;stretch_row_content_no_spaces&#8221; css=&#8221;.vc_custom_1587463124812{background-color: #bebfc0 !important;}&#8221;][vc_column][vc_row_inner gap=&#8221;35&#8243; el_class=&#8221;centrada2 white&#8221; css=&#8221;.vc_custom_1618404805241{margin-top: 40px !important;}&#8221;][vc_column_inner width=&#8221;2\/3&#8243;][vc_single_image image=&#8221;9900&#8243; img_size=&#8221;full&#8221; alignment=&#8221;center&#8221;][\/vc_column_inner][vc_column_inner width=&#8221;1\/3&#8243;][vc_column_text] Edifici situat en (Girona) compost de planta soterrani, planta baixa, planta primera amb entrep\u00eds, planta segona i planta tercera, amb la seg\u00fcent distribuci\u00f3. Una planta sotano que [&hellip;]<\/p>\n","protected":false},"author":1,"featured_media":0,"parent":0,"menu_order":0,"comment_status":"closed","ping_status":"closed","template":"fullwidth.php","meta":{"footnotes":""},"_links":{"self":[{"href":"https:\/\/lluriabarcelona.com\/ca\/wp-json\/wp\/v2\/pages\/9916"}],"collection":[{"href":"https:\/\/lluriabarcelona.com\/ca\/wp-json\/wp\/v2\/pages"}],"about":[{"href":"https:\/\/lluriabarcelona.com\/ca\/wp-json\/wp\/v2\/types\/page"}],"author":[{"embeddable":true,"href":"https:\/\/lluriabarcelona.com\/ca\/wp-json\/wp\/v2\/users\/1"}],"replies":[{"embeddable":true,"href":"https:\/\/lluriabarcelona.com\/ca\/wp-json\/wp\/v2\/comments?post=9916"}],"version-history":[{"count":4,"href":"https:\/\/lluriabarcelona.com\/ca\/wp-json\/wp\/v2\/pages\/9916\/revisions"}],"predecessor-version":[{"id":9941,"href":"https:\/\/lluriabarcelona.com\/ca\/wp-json\/wp\/v2\/pages\/9916\/revisions\/9941"}],"wp:attachment":[{"href":"https:\/\/lluriabarcelona.com\/ca\/wp-json\/wp\/v2\/media?parent=9916"}],"curies":[{"name":"wp","href":"https:\/\/api.w.org\/{rel}","templated":true}]}}