{"id":3746,"date":"2020-03-17T16:19:33","date_gmt":"2020-03-17T15:19:33","guid":{"rendered":"https:\/\/lluriabarcelona.com\/palau-moxo\/"},"modified":"2021-06-30T10:01:32","modified_gmt":"2021-06-30T08:01:32","slug":"palau-moxo","status":"publish","type":"page","link":"https:\/\/lluriabarcelona.com\/en\/palau-moxo\/","title":{"rendered":"MOXO PALACE"},"content":{"rendered":"<p>[vc_row css=&#8221;.vc_custom_1577967230778{margin-top: 75px !important;margin-bottom: 50px !important;}&#8221;][vc_column][vc_column_text el_class=&#8221;titProyecto&#8221;]<\/p>\n<p style=\"text-align: center;\">MOXO PALACE<\/p>\n<p>[\/vc_column_text][vc_empty_space height=&#8221;10px&#8221;][\/vc_column][\/vc_row][vc_row full_width=&#8221;stretch_row_content_no_spaces&#8221; css=&#8221;.vc_custom_1587463124812{background-color: #bebfc0 !important;}&#8221;][vc_column][vc_row_inner gap=&#8221;35&#8243; el_class=&#8221;centrada2 white&#8221; css=&#8221;.vc_custom_1618404805241{margin-top: 40px !important;}&#8221;][vc_column_inner width=&#8221;2\/3&#8243;][vc_single_image image=&#8221;419&#8243; img_size=&#8221;full&#8221; alignment=&#8221;center&#8221;][\/vc_column_inner][vc_column_inner width=&#8221;1\/3&#8243;][vc_column_text]<\/p>\n<p style=\"text-align: justify;\">The building is located in the district of Ciutat Vella, on a street framed by carrers de la Dagueria, Jaume I, Sotstinent Navarro, Bisbe Ca\u00e7ador and Pla\u00e7a Sant Just. This is a large building on a polygonal plot with two fa\u00e7ades, the main one obeying Carrer de la Dagueria and Pla\u00e7a Sant Just and a second one on Carrer de Bisbe Ca\u00e7ador. This property is complete with zinc levels of al\u00e7at, ground floor, entres\u00f2l, main floor or main floor and two more floors, fully covered with a cover of vessants and passable terrace on the side of Carrer de Bisbe Ca\u00e7ador.<\/p>\n<p>[\/vc_column_text][\/vc_column_inner][\/vc_row_inner][\/vc_column][\/vc_row][vc_row][vc_column][vc_empty_space height=&#8221;60px&#8221;][\/vc_column][\/vc_row][vc_row][vc_column][vc_single_image image=&#8221;422&#8243; img_size=&#8221;full&#8221; alignment=&#8221;center&#8221;][\/vc_column][\/vc_row][vc_row][vc_column][vc_empty_space height=&#8221;60px&#8221;][\/vc_column][\/vc_row]<\/p>\n","protected":false},"excerpt":{"rendered":"<p>[vc_row css=&#8221;.vc_custom_1577967230778{margin-top: 75px !important;margin-bottom: 50px !important;}&#8221;][vc_column][vc_column_text el_class=&#8221;titProyecto&#8221;] MOXO PALACE [\/vc_column_text][vc_empty_space height=&#8221;10px&#8221;][\/vc_column][\/vc_row][vc_row full_width=&#8221;stretch_row_content_no_spaces&#8221; css=&#8221;.vc_custom_1587463124812{background-color: #bebfc0 !important;}&#8221;][vc_column][vc_row_inner gap=&#8221;35&#8243; el_class=&#8221;centrada2 white&#8221; css=&#8221;.vc_custom_1618404805241{margin-top: 40px !important;}&#8221;][vc_column_inner width=&#8221;2\/3&#8243;][vc_single_image image=&#8221;419&#8243; img_size=&#8221;full&#8221; alignment=&#8221;center&#8221;][\/vc_column_inner][vc_column_inner width=&#8221;1\/3&#8243;][vc_column_text] The building is located in the district of Ciutat Vella, on a street framed by carrers de la Dagueria, Jaume I, Sotstinent Navarro, Bisbe Ca\u00e7ador and Pla\u00e7a Sant Just. [&hellip;]<\/p>\n","protected":false},"author":1,"featured_media":0,"parent":0,"menu_order":0,"comment_status":"closed","ping_status":"closed","template":"fullwidth.php","meta":{"footnotes":""},"_links":{"self":[{"href":"https:\/\/lluriabarcelona.com\/en\/wp-json\/wp\/v2\/pages\/3746"}],"collection":[{"href":"https:\/\/lluriabarcelona.com\/en\/wp-json\/wp\/v2\/pages"}],"about":[{"href":"https:\/\/lluriabarcelona.com\/en\/wp-json\/wp\/v2\/types\/page"}],"author":[{"embeddable":true,"href":"https:\/\/lluriabarcelona.com\/en\/wp-json\/wp\/v2\/users\/1"}],"replies":[{"embeddable":true,"href":"https:\/\/lluriabarcelona.com\/en\/wp-json\/wp\/v2\/comments?post=3746"}],"version-history":[{"count":3,"href":"https:\/\/lluriabarcelona.com\/en\/wp-json\/wp\/v2\/pages\/3746\/revisions"}],"predecessor-version":[{"id":3753,"href":"https:\/\/lluriabarcelona.com\/en\/wp-json\/wp\/v2\/pages\/3746\/revisions\/3753"}],"wp:attachment":[{"href":"https:\/\/lluriabarcelona.com\/en\/wp-json\/wp\/v2\/media?parent=3746"}],"curies":[{"name":"wp","href":"https:\/\/api.w.org\/{rel}","templated":true}]}}